{"id":5250,"date":"2025-07-04T16:11:24","date_gmt":"2025-07-04T14:11:24","guid":{"rendered":"http:\/\/discopolymer.com\/?page_id=5250"},"modified":"2025-07-04T16:11:24","modified_gmt":"2025-07-04T14:11:24","slug":"politica-de-cookies","status":"publish","type":"page","link":"http:\/\/discopolymer.com\/ca\/politica-de-cookies\/","title":{"rendered":"Pol\u00edtica de cookies"},"content":{"rendered":"<div class=\"fusion-fullwidth fullwidth-box fusion-builder-row-1 fusion-flex-container nonhundred-percent-fullwidth non-hundred-percent-height-scrolling\" style=\"--awb-border-radius-top-left:0px;--awb-border-radius-top-right:0px;--awb-border-radius-bottom-right:0px;--awb-border-radius-bottom-left:0px;--awb-flex-wrap:wrap;\" ><div class=\"fusion-builder-row fusion-row fusion-flex-align-items-flex-start fusion-flex-content-wrap\" style=\"max-width:1144px;margin-left: calc(-4% \/ 2 );margin-right: calc(-4% \/ 2 );\"><div class=\"fusion-layout-column fusion_builder_column fusion-builder-column-0 fusion_builder_column_1_1 1_1 fusion-flex-column\" style=\"--awb-bg-size:cover;--awb-width-large:100%;--awb-margin-top-large:0px;--awb-spacing-right-large:1.92%;--awb-margin-bottom-large:0px;--awb-spacing-left-large:1.92%;--awb-width-medium:100%;--awb-spacing-right-medium:1.92%;--awb-spacing-left-medium:1.92%;--awb-width-small:100%;--awb-spacing-right-small:1.92%;--awb-spacing-left-small:1.92%;\"><div class=\"fusion-column-wrapper fusion-flex-justify-content-flex-start fusion-content-layout-column\"><div class=\"fusion-text fusion-text-1\"><p data-start=\"92\" data-end=\"370\">Una <strong data-start=\"96\" data-end=\"108\">&#8220;Cookie&#8221;<\/strong> \u00e9s un petit fitxer que s&#8217;emmagatzema a l&#8217;ordinador de l&#8217;usuari i que ens permet recon\u00e8ixer-lo. El conjunt de <strong data-start=\"218\" data-end=\"231\">&#8220;cookies&#8221;<\/strong> ens ajuda a millorar la qualitat del nostre lloc web, permetent-nos controlar quines p\u00e0gines troben \u00fatils els nostres usuaris i quines no.<\/p>\n<p data-start=\"372\" data-end=\"718\">Les cookies s\u00f3n essencials per al funcionament d&#8217;internet, aportant innombrables avantatges en la prestaci\u00f3 de serveis interactius, facilitant la navegaci\u00f3 i la usabilitat del nostre lloc web. Tingui en compte que les cookies no poden fer malb\u00e9 el seu equip i que, a canvi, el fet que estiguin activades ens ajuda a identificar i resoldre errors.<\/p>\n<p data-start=\"720\" data-end=\"822\">La informaci\u00f3 que li proporcionem a continuaci\u00f3 l\u2019ajudar\u00e0 a comprendre els diferents tipus de cookies:<\/p>\n<h3 data-start=\"824\" data-end=\"845\">Cookies de sessi\u00f3<\/h3>\n<p data-start=\"847\" data-end=\"1224\">S\u00f3n cookies temporals que romanen a l&#8217;arxiu de cookies del seu navegador fins que abandoni la p\u00e0gina web, de manera que no queda cap registrada al disc dur de l\u2019usuari. La informaci\u00f3 obtinguda mitjan\u00e7ant aquestes cookies serveix per analitzar patrons de tr\u00e0nsit a la web. A la llarga, aix\u00f2 ens permet oferir una millor experi\u00e8ncia per millorar el contingut i facilitar-ne l\u2019\u00fas.<\/p>\n<h3 data-start=\"1226\" data-end=\"1248\">Cookies permanents<\/h3>\n<p data-start=\"1250\" data-end=\"1463\">S\u00f3n emmagatzemades al disc dur i la nostra web les llegeix cada vegada que vost\u00e8 fa una nova visita. Una cookie permanent t\u00e9 una data d\u2019expiraci\u00f3 determinada. La cookie deixar\u00e0 de funcionar despr\u00e9s d\u2019aquesta data.<\/p>\n<p data-start=\"1465\" data-end=\"1573\">A continuaci\u00f3, publiquem una relaci\u00f3 de les principals cookies utilitzades al nostre lloc web, diferenciant:<\/p>\n<ul data-start=\"1575\" data-end=\"2177\">\n<li data-start=\"1575\" data-end=\"1828\">\n<p data-start=\"1577\" data-end=\"1828\"><strong data-start=\"1577\" data-end=\"1613\">Cookies estrictament necess\u00e0ries<\/strong>: Per exemple, aquelles que serveixen per a una navegaci\u00f3 correcta o les que permeten oferir serveis sol\u00b7licitats per l\u2019usuari, o cookies que asseguren que el contingut de la p\u00e0gina web es carregui de manera efica\u00e7.<\/p>\n<\/li>\n<li data-start=\"1830\" data-end=\"1943\">\n<p data-start=\"1832\" data-end=\"1943\"><strong data-start=\"1832\" data-end=\"1854\">Cookies de tercers<\/strong>: Per exemple, les utilitzades per xarxes socials o per complements externs de contingut.<\/p>\n<\/li>\n<li data-start=\"1945\" data-end=\"2177\">\n<p data-start=\"1947\" data-end=\"2177\"><strong data-start=\"1947\" data-end=\"1970\">Cookies anal\u00edtiques<\/strong>: Amb finalitats de manteniment peri\u00f2dic i per garantir el millor servei possible a l\u2019usuari, els llocs web utilitzen habitualment cookies <strong data-start=\"2109\" data-end=\"2124\">anal\u00edtiques<\/strong> per recopilar dades estad\u00edstiques sobre l\u2019activitat.<\/p>\n<\/li>\n<\/ul>\n<h3 data-start=\"2179\" data-end=\"2228\">Garanties complement\u00e0ries \u2013 Gesti\u00f3 de cookies<\/h3>\n<p data-start=\"2230\" data-end=\"2864\">Com a garantia complement\u00e0ria a les anteriorment descrites, el registre de les cookies pot estar subjecte a la seva acceptaci\u00f3 durant la instal\u00b7laci\u00f3 o actualitzaci\u00f3 del navegador utilitzat, i aquesta acceptaci\u00f3 pot ser revocada en qualsevol moment mitjan\u00e7ant les opcions de configuraci\u00f3 de continguts i privacitat disponibles. Molts navegadors permeten activar un <strong data-start=\"2595\" data-end=\"2610\">mode privat<\/strong> mitjan\u00e7ant el qual les cookies s\u2019esborren sempre despr\u00e9s de la visita. Depenent de cada navegador, aquest mode privat pot tenir noms diferents. A continuaci\u00f3 trobareu una llista dels navegadors m\u00e9s comuns i els diferents noms d\u2019aquest <strong data-start=\"2846\" data-end=\"2863\">\u201cmode privat\u201d<\/strong>:<\/p>\n<ul data-start=\"2866\" data-end=\"3095\">\n<li data-start=\"2866\" data-end=\"2913\">\n<p data-start=\"2868\" data-end=\"2913\">Internet Explorer 8 i superior: <em data-start=\"2900\" data-end=\"2911\">InPrivate<\/em><\/p>\n<\/li>\n<li data-start=\"2914\" data-end=\"2958\">\n<p data-start=\"2916\" data-end=\"2958\">Safari 2 i superior: <em data-start=\"2937\" data-end=\"2956\">Navegaci\u00f3 Privada<\/em><\/p>\n<\/li>\n<li data-start=\"2959\" data-end=\"3005\">\n<p data-start=\"2961\" data-end=\"3005\">Opera 10.5 i superior: <em data-start=\"2984\" data-end=\"3003\">Navegaci\u00f3 Privada<\/em><\/p>\n<\/li>\n<li data-start=\"3006\" data-end=\"3053\">\n<p data-start=\"3008\" data-end=\"3053\">Firefox 3.5 i superior: <em data-start=\"3032\" data-end=\"3051\">Navegaci\u00f3 Privada<\/em><\/p>\n<\/li>\n<li data-start=\"3054\" data-end=\"3095\">\n<p data-start=\"3056\" data-end=\"3095\">Google Chrome 10 i superior: <em data-start=\"3085\" data-end=\"3095\">Inc\u00f2gnit<\/em><\/p>\n<\/li>\n<\/ul>\n<p data-start=\"3097\" data-end=\"3439\"><strong data-start=\"3097\" data-end=\"3110\">Important<\/strong>: Si us plau, llegeixi atentament la secci\u00f3 d\u2019ajuda del seu navegador per con\u00e8ixer m\u00e9s sobre com activar el <em data-start=\"3218\" data-end=\"3233\">\u201cmode privat\u201d<\/em>. Podr\u00e0 continuar visitant el nostre lloc web encara que el seu navegador estigui en <em data-start=\"3318\" data-end=\"3333\">\u201cmode privat\u201d<\/em>, si b\u00e9 la seva navegaci\u00f3 podria no ser \u00f2ptima i algunes funcionalitats podrien no funcionar correctament.<\/p>\n<\/div><\/div><\/div><\/div><\/div>\n","protected":false},"excerpt":{"rendered":"","protected":false},"author":3,"featured_media":0,"parent":0,"menu_order":0,"comment_status":"closed","ping_status":"closed","template":"","meta":{"footnotes":""},"class_list":["post-5250","page","type-page","status-publish","hentry"],"yoast_head":"<!-- This site is optimized with the Yoast SEO plugin v27.2 - https:\/\/yoast.com\/product\/yoast-seo-wordpress\/ -->\n<title>Pol\u00edtica de cookies - Discopolymer<\/title>\n<meta name=\"robots\" content=\"index, follow, max-snippet:-1, max-image-preview:large, max-video-preview:-1\" \/>\n<link rel=\"canonical\" href=\"http:\/\/discopolymer.com\/ca\/politica-de-cookies\/\" \/>\n<meta property=\"og:locale\" content=\"ca_ES\" \/>\n<meta property=\"og:type\" content=\"article\" \/>\n<meta property=\"og:title\" content=\"Pol\u00edtica de cookies - Discopolymer\" \/>\n<meta property=\"og:url\" content=\"http:\/\/discopolymer.com\/ca\/politica-de-cookies\/\" \/>\n<meta property=\"og:site_name\" content=\"Discopolymer\" \/>\n<meta name=\"twitter:card\" content=\"summary_large_image\" \/>\n<meta name=\"twitter:label1\" content=\"Temps estimat de lectura\" \/>\n\t<meta name=\"twitter:data1\" content=\"3 minuts\" \/>\n<script type=\"application\/ld+json\" class=\"yoast-schema-graph\">{\"@context\":\"https:\/\/schema.org\",\"@graph\":[{\"@type\":\"WebPage\",\"@id\":\"http:\/\/discopolymer.com\/ca\/politica-de-cookies\/\",\"url\":\"http:\/\/discopolymer.com\/ca\/politica-de-cookies\/\",\"name\":\"Pol\u00edtica de cookies - Discopolymer\",\"isPartOf\":{\"@id\":\"http:\/\/discopolymer.com\/ca\/#website\"},\"datePublished\":\"2025-07-04T14:11:24+00:00\",\"breadcrumb\":{\"@id\":\"http:\/\/discopolymer.com\/ca\/politica-de-cookies\/#breadcrumb\"},\"inLanguage\":\"ca\",\"potentialAction\":[{\"@type\":\"ReadAction\",\"target\":[\"http:\/\/discopolymer.com\/ca\/politica-de-cookies\/\"]}]},{\"@type\":\"BreadcrumbList\",\"@id\":\"http:\/\/discopolymer.com\/ca\/politica-de-cookies\/#breadcrumb\",\"itemListElement\":[{\"@type\":\"ListItem\",\"position\":1,\"name\":\"Portada\",\"item\":\"https:\/\/discopolymer.com\/ca\/\"},{\"@type\":\"ListItem\",\"position\":2,\"name\":\"Pol\u00edtica de cookies\"}]},{\"@type\":\"WebSite\",\"@id\":\"http:\/\/discopolymer.com\/ca\/#website\",\"url\":\"http:\/\/discopolymer.com\/ca\/\",\"name\":\"Discopolymer\",\"description\":\"Prefabricados en Hormig\u00f3n Pol\u00edmero\",\"publisher\":{\"@id\":\"http:\/\/discopolymer.com\/ca\/#organization\"},\"potentialAction\":[{\"@type\":\"SearchAction\",\"target\":{\"@type\":\"EntryPoint\",\"urlTemplate\":\"http:\/\/discopolymer.com\/ca\/?s={search_term_string}\"},\"query-input\":{\"@type\":\"PropertyValueSpecification\",\"valueRequired\":true,\"valueName\":\"search_term_string\"}}],\"inLanguage\":\"ca\"},{\"@type\":\"Organization\",\"@id\":\"http:\/\/discopolymer.com\/ca\/#organization\",\"name\":\"Discopolymer\",\"url\":\"http:\/\/discopolymer.com\/ca\/\",\"logo\":{\"@type\":\"ImageObject\",\"inLanguage\":\"ca\",\"@id\":\"http:\/\/discopolymer.com\/ca\/#\/schema\/logo\/image\/\",\"url\":\"http:\/\/discopolymer.com\/wp-content\/uploads\/2019\/05\/disco-polymer-logo-movil.png\",\"contentUrl\":\"http:\/\/discopolymer.com\/wp-content\/uploads\/2019\/05\/disco-polymer-logo-movil.png\",\"width\":164,\"height\":66,\"caption\":\"Discopolymer\"},\"image\":{\"@id\":\"http:\/\/discopolymer.com\/ca\/#\/schema\/logo\/image\/\"}}]}<\/script>\n<!-- \/ Yoast SEO plugin. -->","yoast_head_json":{"title":"Pol\u00edtica de cookies - Discopolymer","robots":{"index":"index","follow":"follow","max-snippet":"max-snippet:-1","max-image-preview":"max-image-preview:large","max-video-preview":"max-video-preview:-1"},"canonical":"http:\/\/discopolymer.com\/ca\/politica-de-cookies\/","og_locale":"ca_ES","og_type":"article","og_title":"Pol\u00edtica de cookies - Discopolymer","og_url":"http:\/\/discopolymer.com\/ca\/politica-de-cookies\/","og_site_name":"Discopolymer","twitter_card":"summary_large_image","twitter_misc":{"Temps estimat de lectura":"3 minuts"},"schema":{"@context":"https:\/\/schema.org","@graph":[{"@type":"WebPage","@id":"http:\/\/discopolymer.com\/ca\/politica-de-cookies\/","url":"http:\/\/discopolymer.com\/ca\/politica-de-cookies\/","name":"Pol\u00edtica de cookies - Discopolymer","isPartOf":{"@id":"http:\/\/discopolymer.com\/ca\/#website"},"datePublished":"2025-07-04T14:11:24+00:00","breadcrumb":{"@id":"http:\/\/discopolymer.com\/ca\/politica-de-cookies\/#breadcrumb"},"inLanguage":"ca","potentialAction":[{"@type":"ReadAction","target":["http:\/\/discopolymer.com\/ca\/politica-de-cookies\/"]}]},{"@type":"BreadcrumbList","@id":"http:\/\/discopolymer.com\/ca\/politica-de-cookies\/#breadcrumb","itemListElement":[{"@type":"ListItem","position":1,"name":"Portada","item":"https:\/\/discopolymer.com\/ca\/"},{"@type":"ListItem","position":2,"name":"Pol\u00edtica de cookies"}]},{"@type":"WebSite","@id":"http:\/\/discopolymer.com\/ca\/#website","url":"http:\/\/discopolymer.com\/ca\/","name":"Discopolymer","description":"Prefabricados en Hormig\u00f3n Pol\u00edmero","publisher":{"@id":"http:\/\/discopolymer.com\/ca\/#organization"},"potentialAction":[{"@type":"SearchAction","target":{"@type":"EntryPoint","urlTemplate":"http:\/\/discopolymer.com\/ca\/?s={search_term_string}"},"query-input":{"@type":"PropertyValueSpecification","valueRequired":true,"valueName":"search_term_string"}}],"inLanguage":"ca"},{"@type":"Organization","@id":"http:\/\/discopolymer.com\/ca\/#organization","name":"Discopolymer","url":"http:\/\/discopolymer.com\/ca\/","logo":{"@type":"ImageObject","inLanguage":"ca","@id":"http:\/\/discopolymer.com\/ca\/#\/schema\/logo\/image\/","url":"http:\/\/discopolymer.com\/wp-content\/uploads\/2019\/05\/disco-polymer-logo-movil.png","contentUrl":"http:\/\/discopolymer.com\/wp-content\/uploads\/2019\/05\/disco-polymer-logo-movil.png","width":164,"height":66,"caption":"Discopolymer"},"image":{"@id":"http:\/\/discopolymer.com\/ca\/#\/schema\/logo\/image\/"}}]}},"_links":{"self":[{"href":"http:\/\/discopolymer.com\/ca\/wp-json\/wp\/v2\/pages\/5250","targetHints":{"allow":["GET"]}}],"collection":[{"href":"http:\/\/discopolymer.com\/ca\/wp-json\/wp\/v2\/pages"}],"about":[{"href":"http:\/\/discopolymer.com\/ca\/wp-json\/wp\/v2\/types\/page"}],"author":[{"embeddable":true,"href":"http:\/\/discopolymer.com\/ca\/wp-json\/wp\/v2\/users\/3"}],"replies":[{"embeddable":true,"href":"http:\/\/discopolymer.com\/ca\/wp-json\/wp\/v2\/comments?post=5250"}],"version-history":[{"count":0,"href":"http:\/\/discopolymer.com\/ca\/wp-json\/wp\/v2\/pages\/5250\/revisions"}],"wp:attachment":[{"href":"http:\/\/discopolymer.com\/ca\/wp-json\/wp\/v2\/media?parent=5250"}],"curies":[{"name":"wp","href":"https:\/\/api.w.org\/{rel}","templated":true}]}}