{"id":1025,"date":"2019-05-30T12:25:03","date_gmt":"2019-05-30T10:25:03","guid":{"rendered":"http:\/\/discopolymer.com\/references\/hoteles-y-residencias\/"},"modified":"2020-12-21T11:43:03","modified_gmt":"2020-12-21T10:43:03","slug":"hotels-et-residences","status":"publish","type":"page","link":"http:\/\/discopolymer.com\/fr\/references\/hotels-et-residences\/","title":{"rendered":"Hotels"},"content":{"rendered":"<p><div class=\"fusion-fullwidth fullwidth-box fusion-builder-row-1 nonhundred-percent-fullwidth non-hundred-percent-height-scrolling\" style=\"--awb-border-radius-top-left:0px;--awb-border-radius-top-right:0px;--awb-border-radius-bottom-right:0px;--awb-border-radius-bottom-left:0px;--awb-flex-wrap:wrap;\" ><div class=\"fusion-builder-row fusion-row\"><div class=\"fusion-layout-column fusion_builder_column fusion-builder-column-0 fusion_builder_column_1_1 1_1 fusion-one-full fusion-column-first fusion-column-last\" style=\"--awb-bg-size:cover;\"><div class=\"fusion-column-wrapper fusion-column-has-shadow fusion-flex-column-wrapper-legacy\"><div class=\"fusion-text fusion-text-1\"><h2><span style=\"color: #e64f28;\"><strong>H\u00d4TELS<br \/>\n<\/strong><\/span><\/h2>\n<\/div><div class=\"fusion-clearfix\"><\/div><\/div><\/div><\/div><\/div><div class=\"fusion-fullwidth fullwidth-box fusion-builder-row-2 fusion-flex-container nonhundred-percent-fullwidth non-hundred-percent-height-scrolling\" style=\"--awb-border-radius-top-left:0px;--awb-border-radius-top-right:0px;--awb-border-radius-bottom-right:0px;--awb-border-radius-bottom-left:0px;--awb-padding-right:0px;--awb-padding-left:0px;--awb-flex-wrap:wrap;\" ><div class=\"fusion-builder-row fusion-row fusion-flex-align-items-flex-start fusion-flex-content-wrap\" style=\"max-width:1144px;margin-left: calc(-4% \/ 2 );margin-right: calc(-4% \/ 2 );\"><div class=\"fusion-layout-column fusion_builder_column fusion-builder-column-1 fusion_builder_column_1_3 1_3 fusion-flex-column\" style=\"--awb-padding-bottom:40px;--awb-bg-size:cover;--awb-width-large:33.333333333333%;--awb-margin-top-large:0px;--awb-spacing-right-large:0.576%;--awb-margin-bottom-large:0px;--awb-spacing-left-large:5.184%;--awb-width-medium:100%;--awb-order-medium:0;--awb-spacing-right-medium:1.92%;--awb-spacing-left-medium:1.92%;--awb-width-small:100%;--awb-order-small:0;--awb-spacing-right-small:1.92%;--awb-spacing-left-small:1.92%;\"><div class=\"fusion-column-wrapper fusion-column-has-shadow fusion-flex-justify-content-flex-start fusion-content-layout-column\"><div class=\"fusion-image-element \" style=\"--awb-margin-bottom:10px;--awb-caption-title-font-family:var(--h2_typography-font-family);--awb-caption-title-font-weight:var(--h2_typography-font-weight);--awb-caption-title-font-style:var(--h2_typography-font-style);--awb-caption-title-size:var(--h2_typography-font-size);--awb-caption-title-transform:var(--h2_typography-text-transform);--awb-caption-title-line-height:var(--h2_typography-line-height);--awb-caption-title-letter-spacing:var(--h2_typography-letter-spacing);\"><span class=\" fusion-imageframe imageframe-none imageframe-1 hover-type-none\"><img decoding=\"async\" width=\"1200\" height=\"675\" title=\"Hotel Es Vives\" src=\"http:\/\/discopolymer.com\/wp-content\/uploads\/2020\/12\/Hotel-Es-Vives.jpg\" alt class=\"img-responsive wp-image-1839\" srcset=\"http:\/\/discopolymer.com\/wp-content\/uploads\/2020\/12\/Hotel-Es-Vives-200x113.jpg 200w, http:\/\/discopolymer.com\/wp-content\/uploads\/2020\/12\/Hotel-Es-Vives-400x225.jpg 400w, http:\/\/discopolymer.com\/wp-content\/uploads\/2020\/12\/Hotel-Es-Vives-600x338.jpg 600w, http:\/\/discopolymer.com\/wp-content\/uploads\/2020\/12\/Hotel-Es-Vives-800x450.jpg 800w, http:\/\/discopolymer.com\/wp-content\/uploads\/2020\/12\/Hotel-Es-Vives.jpg 1200w\" sizes=\"(max-width: 1024px) 100vw, (max-width: 640px) 100vw, 400px\" \/><\/span><\/div><div class=\"fusion-text fusion-text-2\" style=\"--awb-content-alignment:left;--awb-text-font-family:&quot;HELVETICA&quot;;--awb-text-font-style:normal;--awb-text-font-weight:400;\"><div class=\"page\" title=\"Page 7\">\n<div class=\"layoutArea\">\n<div class=\"column\">\n<h6>H\u00f4tel MiM Ibiza Es Viv\u00e9<\/h6>\n<p>Emplacement: Ibiza, Espa\u00f1a<br \/>\nAnn\u00e9e de construction: 2017<br \/>\nSocle &amp; Pi\u00e8ces d\u00e9coratives en polym\u00e8re personnalis\u00e9es<\/p>\n<\/div>\n<\/div>\n<\/div>\n<\/div><\/div><\/div><div class=\"fusion-layout-column fusion_builder_column fusion-builder-column-2 fusion_builder_column_1_3 1_3 fusion-flex-column\" style=\"--awb-padding-bottom:40px;--awb-bg-size:cover;--awb-width-large:33.333333333333%;--awb-margin-top-large:0px;--awb-spacing-right-large:2.88%;--awb-margin-bottom-large:0px;--awb-spacing-left-large:2.88%;--awb-width-medium:100%;--awb-spacing-right-medium:1.92%;--awb-spacing-left-medium:1.92%;--awb-width-small:100%;--awb-spacing-right-small:1.92%;--awb-spacing-left-small:1.92%;\"><div class=\"fusion-column-wrapper fusion-column-has-shadow fusion-flex-justify-content-flex-start fusion-content-layout-column\"><div class=\"fusion-image-element \" style=\"--awb-margin-bottom:10px;--awb-caption-title-font-family:var(--h2_typography-font-family);--awb-caption-title-font-weight:var(--h2_typography-font-weight);--awb-caption-title-font-style:var(--h2_typography-font-style);--awb-caption-title-size:var(--h2_typography-font-size);--awb-caption-title-transform:var(--h2_typography-text-transform);--awb-caption-title-line-height:var(--h2_typography-line-height);--awb-caption-title-letter-spacing:var(--h2_typography-letter-spacing);\"><span class=\" fusion-imageframe imageframe-none imageframe-2 hover-type-none\"><img decoding=\"async\" width=\"1200\" height=\"675\" title=\"Hotel en Es Pujol\" src=\"http:\/\/discopolymer.com\/wp-content\/uploads\/2020\/12\/Hotel-en-Es-Pujol.jpg\" alt class=\"img-responsive wp-image-1843\" srcset=\"http:\/\/discopolymer.com\/wp-content\/uploads\/2020\/12\/Hotel-en-Es-Pujol-200x113.jpg 200w, http:\/\/discopolymer.com\/wp-content\/uploads\/2020\/12\/Hotel-en-Es-Pujol-400x225.jpg 400w, http:\/\/discopolymer.com\/wp-content\/uploads\/2020\/12\/Hotel-en-Es-Pujol-600x338.jpg 600w, http:\/\/discopolymer.com\/wp-content\/uploads\/2020\/12\/Hotel-en-Es-Pujol-800x450.jpg 800w, http:\/\/discopolymer.com\/wp-content\/uploads\/2020\/12\/Hotel-en-Es-Pujol.jpg 1200w\" sizes=\"(max-width: 1024px) 100vw, (max-width: 640px) 100vw, 400px\" \/><\/span><\/div><div class=\"fusion-text fusion-text-3\"><h6 class=\"fusion-responsive-typography-calculated\" style=\"--fontsize: 23; line-height: 1.5;\" data-fontsize=\"23\" data-lineheight=\"34.5px\">H\u00f4tel el Es Pujols<\/h6>\n<p>Lieu: Formentera, Espagne<br \/>\nAnn\u00e9e de construction: 2018<br \/>\nsocle<\/p>\n<\/div><div class=\"fusion-text fusion-text-4\"><\/div><\/div><\/div><div class=\"fusion-layout-column fusion_builder_column fusion-builder-column-3 fusion_builder_column_1_3 1_3 fusion-flex-column\" style=\"--awb-padding-bottom:40px;--awb-bg-size:cover;--awb-width-large:33.333333333333%;--awb-margin-top-large:0px;--awb-spacing-right-large:5.184%;--awb-margin-bottom-large:0px;--awb-spacing-left-large:0.576%;--awb-width-medium:100%;--awb-spacing-right-medium:1.92%;--awb-spacing-left-medium:1.92%;--awb-width-small:100%;--awb-spacing-right-small:1.92%;--awb-spacing-left-small:1.92%;\"><div class=\"fusion-column-wrapper fusion-column-has-shadow fusion-flex-justify-content-flex-start fusion-content-layout-column\"><div class=\"fusion-image-element \" style=\"--awb-margin-bottom:10px;--awb-caption-title-font-family:var(--h2_typography-font-family);--awb-caption-title-font-weight:var(--h2_typography-font-weight);--awb-caption-title-font-style:var(--h2_typography-font-style);--awb-caption-title-size:var(--h2_typography-font-size);--awb-caption-title-transform:var(--h2_typography-text-transform);--awb-caption-title-line-height:var(--h2_typography-line-height);--awb-caption-title-letter-spacing:var(--h2_typography-letter-spacing);\"><span class=\" fusion-imageframe imageframe-none imageframe-3 hover-type-none\"><img decoding=\"async\" width=\"1200\" height=\"675\" title=\"hotel don sol torremolinos\" src=\"http:\/\/discopolymer.com\/wp-content\/uploads\/2020\/12\/hotel-don-sol-torremolinos.jpg\" alt class=\"img-responsive wp-image-1847\" srcset=\"http:\/\/discopolymer.com\/wp-content\/uploads\/2020\/12\/hotel-don-sol-torremolinos-200x113.jpg 200w, http:\/\/discopolymer.com\/wp-content\/uploads\/2020\/12\/hotel-don-sol-torremolinos-400x225.jpg 400w, http:\/\/discopolymer.com\/wp-content\/uploads\/2020\/12\/hotel-don-sol-torremolinos-600x338.jpg 600w, http:\/\/discopolymer.com\/wp-content\/uploads\/2020\/12\/hotel-don-sol-torremolinos-800x450.jpg 800w, http:\/\/discopolymer.com\/wp-content\/uploads\/2020\/12\/hotel-don-sol-torremolinos.jpg 1200w\" sizes=\"(max-width: 1024px) 100vw, (max-width: 640px) 100vw, 400px\" \/><\/span><\/div><div class=\"fusion-text fusion-text-5\"><h6>H\u00f4tel Sol Don Marco<\/h6>\n<p>Emplacement: Torremolinos, M\u00e1laga, Espa\u00f1a<br \/>\nAnn\u00e9e de construction: 2004<br \/>\nSocle &#8211; fourniture et installation<\/p>\n<\/div><div class=\"fusion-text fusion-text-6\"><\/div><\/div><\/div><\/div><\/div><\/p>\n","protected":false},"excerpt":{"rendered":"","protected":false},"author":1,"featured_media":0,"parent":994,"menu_order":0,"comment_status":"closed","ping_status":"closed","template":"","meta":{"footnotes":""},"class_list":["post-1025","page","type-page","status-publish","hentry"],"yoast_head":"<!-- This site is optimized with the Yoast SEO plugin v27.2 - https:\/\/yoast.com\/product\/yoast-seo-wordpress\/ -->\n<title>Hotels - Discopolymer<\/title>\n<meta name=\"robots\" content=\"index, follow, max-snippet:-1, max-image-preview:large, max-video-preview:-1\" \/>\n<link rel=\"canonical\" href=\"http:\/\/discopolymer.com\/fr\/references\/hotels-et-residences\/\" \/>\n<meta property=\"og:locale\" content=\"fr_FR\" \/>\n<meta property=\"og:type\" content=\"article\" \/>\n<meta property=\"og:title\" content=\"Hotels - Discopolymer\" \/>\n<meta property=\"og:url\" content=\"http:\/\/discopolymer.com\/fr\/references\/hotels-et-residences\/\" \/>\n<meta property=\"og:site_name\" content=\"Discopolymer\" \/>\n<meta property=\"article:modified_time\" content=\"2020-12-21T10:43:03+00:00\" \/>\n<meta name=\"twitter:card\" content=\"summary_large_image\" \/>\n<meta name=\"twitter:label1\" content=\"Dur\u00e9e de lecture estim\u00e9e\" \/>\n\t<meta name=\"twitter:data1\" content=\"8 minutes\" \/>\n<script type=\"application\/ld+json\" class=\"yoast-schema-graph\">{\"@context\":\"https:\/\/schema.org\",\"@graph\":[{\"@type\":\"WebPage\",\"@id\":\"http:\/\/discopolymer.com\/fr\/references\/hotels-et-residences\/\",\"url\":\"http:\/\/discopolymer.com\/fr\/references\/hotels-et-residences\/\",\"name\":\"Hotels - Discopolymer\",\"isPartOf\":{\"@id\":\"http:\/\/discopolymer.com\/fr\/#website\"},\"datePublished\":\"2019-05-30T10:25:03+00:00\",\"dateModified\":\"2020-12-21T10:43:03+00:00\",\"breadcrumb\":{\"@id\":\"http:\/\/discopolymer.com\/fr\/references\/hotels-et-residences\/#breadcrumb\"},\"inLanguage\":\"fr-FR\",\"potentialAction\":[{\"@type\":\"ReadAction\",\"target\":[\"http:\/\/discopolymer.com\/fr\/references\/hotels-et-residences\/\"]}]},{\"@type\":\"BreadcrumbList\",\"@id\":\"http:\/\/discopolymer.com\/fr\/references\/hotels-et-residences\/#breadcrumb\",\"itemListElement\":[{\"@type\":\"ListItem\",\"position\":1,\"name\":\"Portada\",\"item\":\"http:\/\/discopolymer.com\/fr\/\"},{\"@type\":\"ListItem\",\"position\":2,\"name\":\"R\u00e9f\u00e9rences\",\"item\":\"http:\/\/discopolymer.com\/fr\/references\/\"},{\"@type\":\"ListItem\",\"position\":3,\"name\":\"Hotels\"}]},{\"@type\":\"WebSite\",\"@id\":\"http:\/\/discopolymer.com\/fr\/#website\",\"url\":\"http:\/\/discopolymer.com\/fr\/\",\"name\":\"Discopolymer\",\"description\":\"Prefabricados en Hormig\u00f3n Pol\u00edmero\",\"publisher\":{\"@id\":\"http:\/\/discopolymer.com\/fr\/#organization\"},\"potentialAction\":[{\"@type\":\"SearchAction\",\"target\":{\"@type\":\"EntryPoint\",\"urlTemplate\":\"http:\/\/discopolymer.com\/fr\/?s={search_term_string}\"},\"query-input\":{\"@type\":\"PropertyValueSpecification\",\"valueRequired\":true,\"valueName\":\"search_term_string\"}}],\"inLanguage\":\"fr-FR\"},{\"@type\":\"Organization\",\"@id\":\"http:\/\/discopolymer.com\/fr\/#organization\",\"name\":\"Discopolymer\",\"url\":\"http:\/\/discopolymer.com\/fr\/\",\"logo\":{\"@type\":\"ImageObject\",\"inLanguage\":\"fr-FR\",\"@id\":\"http:\/\/discopolymer.com\/fr\/#\/schema\/logo\/image\/\",\"url\":\"http:\/\/discopolymer.com\/wp-content\/uploads\/2019\/05\/disco-polymer-logo-movil.png\",\"contentUrl\":\"http:\/\/discopolymer.com\/wp-content\/uploads\/2019\/05\/disco-polymer-logo-movil.png\",\"width\":164,\"height\":66,\"caption\":\"Discopolymer\"},\"image\":{\"@id\":\"http:\/\/discopolymer.com\/fr\/#\/schema\/logo\/image\/\"}}]}<\/script>\n<!-- \/ Yoast SEO plugin. -->","yoast_head_json":{"title":"Hotels - Discopolymer","robots":{"index":"index","follow":"follow","max-snippet":"max-snippet:-1","max-image-preview":"max-image-preview:large","max-video-preview":"max-video-preview:-1"},"canonical":"http:\/\/discopolymer.com\/fr\/references\/hotels-et-residences\/","og_locale":"fr_FR","og_type":"article","og_title":"Hotels - Discopolymer","og_url":"http:\/\/discopolymer.com\/fr\/references\/hotels-et-residences\/","og_site_name":"Discopolymer","article_modified_time":"2020-12-21T10:43:03+00:00","twitter_card":"summary_large_image","twitter_misc":{"Dur\u00e9e de lecture estim\u00e9e":"8 minutes"},"schema":{"@context":"https:\/\/schema.org","@graph":[{"@type":"WebPage","@id":"http:\/\/discopolymer.com\/fr\/references\/hotels-et-residences\/","url":"http:\/\/discopolymer.com\/fr\/references\/hotels-et-residences\/","name":"Hotels - Discopolymer","isPartOf":{"@id":"http:\/\/discopolymer.com\/fr\/#website"},"datePublished":"2019-05-30T10:25:03+00:00","dateModified":"2020-12-21T10:43:03+00:00","breadcrumb":{"@id":"http:\/\/discopolymer.com\/fr\/references\/hotels-et-residences\/#breadcrumb"},"inLanguage":"fr-FR","potentialAction":[{"@type":"ReadAction","target":["http:\/\/discopolymer.com\/fr\/references\/hotels-et-residences\/"]}]},{"@type":"BreadcrumbList","@id":"http:\/\/discopolymer.com\/fr\/references\/hotels-et-residences\/#breadcrumb","itemListElement":[{"@type":"ListItem","position":1,"name":"Portada","item":"http:\/\/discopolymer.com\/fr\/"},{"@type":"ListItem","position":2,"name":"R\u00e9f\u00e9rences","item":"http:\/\/discopolymer.com\/fr\/references\/"},{"@type":"ListItem","position":3,"name":"Hotels"}]},{"@type":"WebSite","@id":"http:\/\/discopolymer.com\/fr\/#website","url":"http:\/\/discopolymer.com\/fr\/","name":"Discopolymer","description":"Prefabricados en Hormig\u00f3n Pol\u00edmero","publisher":{"@id":"http:\/\/discopolymer.com\/fr\/#organization"},"potentialAction":[{"@type":"SearchAction","target":{"@type":"EntryPoint","urlTemplate":"http:\/\/discopolymer.com\/fr\/?s={search_term_string}"},"query-input":{"@type":"PropertyValueSpecification","valueRequired":true,"valueName":"search_term_string"}}],"inLanguage":"fr-FR"},{"@type":"Organization","@id":"http:\/\/discopolymer.com\/fr\/#organization","name":"Discopolymer","url":"http:\/\/discopolymer.com\/fr\/","logo":{"@type":"ImageObject","inLanguage":"fr-FR","@id":"http:\/\/discopolymer.com\/fr\/#\/schema\/logo\/image\/","url":"http:\/\/discopolymer.com\/wp-content\/uploads\/2019\/05\/disco-polymer-logo-movil.png","contentUrl":"http:\/\/discopolymer.com\/wp-content\/uploads\/2019\/05\/disco-polymer-logo-movil.png","width":164,"height":66,"caption":"Discopolymer"},"image":{"@id":"http:\/\/discopolymer.com\/fr\/#\/schema\/logo\/image\/"}}]}},"_links":{"self":[{"href":"http:\/\/discopolymer.com\/fr\/wp-json\/wp\/v2\/pages\/1025","targetHints":{"allow":["GET"]}}],"collection":[{"href":"http:\/\/discopolymer.com\/fr\/wp-json\/wp\/v2\/pages"}],"about":[{"href":"http:\/\/discopolymer.com\/fr\/wp-json\/wp\/v2\/types\/page"}],"author":[{"embeddable":true,"href":"http:\/\/discopolymer.com\/fr\/wp-json\/wp\/v2\/users\/1"}],"replies":[{"embeddable":true,"href":"http:\/\/discopolymer.com\/fr\/wp-json\/wp\/v2\/comments?post=1025"}],"version-history":[{"count":0,"href":"http:\/\/discopolymer.com\/fr\/wp-json\/wp\/v2\/pages\/1025\/revisions"}],"up":[{"embeddable":true,"href":"http:\/\/discopolymer.com\/fr\/wp-json\/wp\/v2\/pages\/994"}],"wp:attachment":[{"href":"http:\/\/discopolymer.com\/fr\/wp-json\/wp\/v2\/media?parent=1025"}],"curies":[{"name":"wp","href":"https:\/\/api.w.org\/{rel}","templated":true}]}}