{"id":1041,"date":"2019-05-30T12:02:54","date_gmt":"2019-05-30T10:02:54","guid":{"rendered":"http:\/\/discopolymer.com\/produits\/piezas-especiales-fabricacion-a-medida\/"},"modified":"2021-03-16T16:33:45","modified_gmt":"2021-03-16T15:33:45","slug":"pieces-speciales-fabrication-sur-mesure","status":"publish","type":"page","link":"http:\/\/discopolymer.com\/fr\/produits\/pieces-personnalisees\/pieces-speciales-fabrication-sur-mesure\/","title":{"rendered":"Support"},"content":{"rendered":"<p><div class=\"fusion-fullwidth fullwidth-box fusion-builder-row-1 nonhundred-percent-fullwidth non-hundred-percent-height-scrolling\" style=\"--awb-border-radius-top-left:0px;--awb-border-radius-top-right:0px;--awb-border-radius-bottom-right:0px;--awb-border-radius-bottom-left:0px;--awb-flex-wrap:wrap;\" ><div class=\"fusion-builder-row fusion-row\"><div class=\"fusion-layout-column fusion_builder_column fusion-builder-column-0 fusion_builder_column_1_1 1_1 fusion-one-full fusion-column-first fusion-column-last\" style=\"--awb-padding-top:5px;--awb-bg-size:cover;--awb-margin-bottom:0px;\"><div class=\"fusion-column-wrapper fusion-column-has-shadow fusion-flex-column-wrapper-legacy\"><div class=\"fusion-text fusion-text-1\"><h2><span style=\"color: #e64f28;\"><strong>PI\u00c8CES PERSONNALIS\u00c9ES<\/strong><\/span><\/h2>\n<\/div><div class=\"fusion-sep-clear\"><\/div><div class=\"fusion-separator fusion-full-width-sep\" style=\"margin-left: auto;margin-right: auto;width:100%;\"><div class=\"fusion-separator-border sep-single sep-solid\" style=\"--awb-height:20px;--awb-amount:20px;--awb-sep-color:#e64f28;border-color:#e64f28;border-top-width:1px;\"><\/div><\/div><div class=\"fusion-sep-clear\"><\/div><div class=\"fusion-clearfix\"><\/div><\/div><\/div><div class=\"fusion-layout-column fusion_builder_column fusion-builder-column-1 fusion_builder_column_1_1 1_1 fusion-one-full fusion-column-first fusion-column-last\" style=\"--awb-padding-top:5px;--awb-bg-size:cover;--awb-margin-bottom:0px;\"><div class=\"fusion-column-wrapper fusion-column-has-shadow fusion-flex-column-wrapper-legacy\"><div class=\"fusion-text fusion-text-2\"><h2><strong>SUPPORT<\/strong><\/h2>\n<\/div><div class=\"fusion-clearfix\"><\/div><\/div><\/div><\/div><\/div><div class=\"fusion-fullwidth fullwidth-box fusion-builder-row-2 nonhundred-percent-fullwidth non-hundred-percent-height-scrolling\" style=\"--awb-border-radius-top-left:0px;--awb-border-radius-top-right:0px;--awb-border-radius-bottom-right:0px;--awb-border-radius-bottom-left:0px;--awb-flex-wrap:wrap;\" ><div class=\"fusion-builder-row fusion-row\"><div class=\"fusion-layout-column fusion_builder_column fusion-builder-column-2 fusion_builder_column_3_4 3_4 fusion-three-fourth fusion-column-first\" style=\"--awb-bg-size:cover;width:75%;width:calc(75% - ( ( 4% ) * 0.75 ) );margin-right: 4%;\"><div class=\"fusion-column-wrapper fusion-column-has-shadow fusion-flex-column-wrapper-legacy\"><div class=\"fusion-slider-sc fusion-flexslider-loading flexslider flexslider-hover-type-none\" data-slideshow_autoplay=\"1\" data-slideshow_smooth_height=\"0\" data-slideshow_speed=\"7000\" style=\"max-width:100%;height:100%;\"><ul class=\"slides\"><li class=\"image\"><span class=\"fusion-image-hover-element hover-type-none\"><img decoding=\"async\" src=\"http:\/\/discopolymer.com\/wp-content\/uploads\/2020\/06\/IMG_9305.jpg\" width=\"2560\" height=\"1682\" class=\"wp-image-1255\" \/><\/span><\/li><\/ul><\/div><div class=\"fusion-clearfix\"><\/div><\/div><\/div><\/div><\/div><div class=\"fusion-fullwidth fullwidth-box fusion-builder-row-3 nonhundred-percent-fullwidth non-hundred-percent-height-scrolling\" style=\"--awb-border-radius-top-left:0px;--awb-border-radius-top-right:0px;--awb-border-radius-bottom-right:0px;--awb-border-radius-bottom-left:0px;--awb-flex-wrap:wrap;\" ><div class=\"fusion-builder-row fusion-row\"><div class=\"fusion-layout-column fusion_builder_column fusion-builder-column-3 fusion_builder_column_3_4 3_4 fusion-three-fourth fusion-column-first\" style=\"--awb-bg-size:cover;width:75%;width:calc(75% - ( ( 4% ) * 0.75 ) );margin-right: 4%;\"><div class=\"fusion-column-wrapper fusion-column-has-shadow fusion-flex-column-wrapper-legacy\"><div class=\"fusion-text fusion-text-3\"><p><strong>Discopolymer, a la capacit\u00e9 de proposer une fabrication sur mesure des diff\u00e9rents produits qu&rsquo;il propose, soit avec un format sp\u00e9cial, soit une couleur totalement personnalis\u00e9e.<\/strong><\/p>\n<p>&nbsp;<\/p>\n<p>&nbsp;<\/p>\n<\/div><div class=\"fusion-clearfix\"><\/div><\/div><\/div><\/div><\/div><\/p>\n","protected":false},"excerpt":{"rendered":"","protected":false},"author":1,"featured_media":0,"parent":2386,"menu_order":0,"comment_status":"closed","ping_status":"closed","template":"","meta":{"footnotes":""},"class_list":["post-1041","page","type-page","status-publish","hentry"],"yoast_head":"<!-- This site is optimized with the Yoast SEO plugin v27.2 - https:\/\/yoast.com\/product\/yoast-seo-wordpress\/ -->\n<title>Support - Discopolymer<\/title>\n<meta name=\"robots\" content=\"index, follow, max-snippet:-1, max-image-preview:large, max-video-preview:-1\" \/>\n<link rel=\"canonical\" href=\"http:\/\/discopolymer.com\/fr\/produits\/pieces-personnalisees\/pieces-speciales-fabrication-sur-mesure\/\" \/>\n<meta property=\"og:locale\" content=\"fr_FR\" \/>\n<meta property=\"og:type\" content=\"article\" \/>\n<meta property=\"og:title\" content=\"Support - Discopolymer\" \/>\n<meta property=\"og:url\" content=\"http:\/\/discopolymer.com\/fr\/produits\/pieces-personnalisees\/pieces-speciales-fabrication-sur-mesure\/\" \/>\n<meta property=\"og:site_name\" content=\"Discopolymer\" \/>\n<meta property=\"article:modified_time\" content=\"2021-03-16T15:33:45+00:00\" \/>\n<meta name=\"twitter:card\" content=\"summary_large_image\" \/>\n<meta name=\"twitter:label1\" content=\"Dur\u00e9e de lecture estim\u00e9e\" \/>\n\t<meta name=\"twitter:data1\" content=\"4 minutes\" \/>\n<script type=\"application\/ld+json\" class=\"yoast-schema-graph\">{\"@context\":\"https:\/\/schema.org\",\"@graph\":[{\"@type\":\"WebPage\",\"@id\":\"http:\/\/discopolymer.com\/fr\/produits\/pieces-personnalisees\/pieces-speciales-fabrication-sur-mesure\/\",\"url\":\"http:\/\/discopolymer.com\/fr\/produits\/pieces-personnalisees\/pieces-speciales-fabrication-sur-mesure\/\",\"name\":\"Support - Discopolymer\",\"isPartOf\":{\"@id\":\"http:\/\/discopolymer.com\/fr\/#website\"},\"datePublished\":\"2019-05-30T10:02:54+00:00\",\"dateModified\":\"2021-03-16T15:33:45+00:00\",\"breadcrumb\":{\"@id\":\"http:\/\/discopolymer.com\/fr\/produits\/pieces-personnalisees\/pieces-speciales-fabrication-sur-mesure\/#breadcrumb\"},\"inLanguage\":\"fr-FR\",\"potentialAction\":[{\"@type\":\"ReadAction\",\"target\":[\"http:\/\/discopolymer.com\/fr\/produits\/pieces-personnalisees\/pieces-speciales-fabrication-sur-mesure\/\"]}]},{\"@type\":\"BreadcrumbList\",\"@id\":\"http:\/\/discopolymer.com\/fr\/produits\/pieces-personnalisees\/pieces-speciales-fabrication-sur-mesure\/#breadcrumb\",\"itemListElement\":[{\"@type\":\"ListItem\",\"position\":1,\"name\":\"Portada\",\"item\":\"https:\/\/discopolymer.com\/fr\/\"},{\"@type\":\"ListItem\",\"position\":2,\"name\":\"Produits\",\"item\":\"https:\/\/discopolymer.com\/fr\/produits\/\"},{\"@type\":\"ListItem\",\"position\":3,\"name\":\"Pi\u00e8ces personnalis\u00e9es\",\"item\":\"http:\/\/discopolymer.com\/fr\/produits\/pieces-personnalisees\/\"},{\"@type\":\"ListItem\",\"position\":4,\"name\":\"Support\"}]},{\"@type\":\"WebSite\",\"@id\":\"http:\/\/discopolymer.com\/fr\/#website\",\"url\":\"http:\/\/discopolymer.com\/fr\/\",\"name\":\"Discopolymer\",\"description\":\"Prefabricados en Hormig\u00f3n Pol\u00edmero\",\"publisher\":{\"@id\":\"http:\/\/discopolymer.com\/fr\/#organization\"},\"potentialAction\":[{\"@type\":\"SearchAction\",\"target\":{\"@type\":\"EntryPoint\",\"urlTemplate\":\"http:\/\/discopolymer.com\/fr\/?s={search_term_string}\"},\"query-input\":{\"@type\":\"PropertyValueSpecification\",\"valueRequired\":true,\"valueName\":\"search_term_string\"}}],\"inLanguage\":\"fr-FR\"},{\"@type\":\"Organization\",\"@id\":\"http:\/\/discopolymer.com\/fr\/#organization\",\"name\":\"Discopolymer\",\"url\":\"http:\/\/discopolymer.com\/fr\/\",\"logo\":{\"@type\":\"ImageObject\",\"inLanguage\":\"fr-FR\",\"@id\":\"http:\/\/discopolymer.com\/fr\/#\/schema\/logo\/image\/\",\"url\":\"http:\/\/discopolymer.com\/wp-content\/uploads\/2019\/05\/disco-polymer-logo-movil.png\",\"contentUrl\":\"http:\/\/discopolymer.com\/wp-content\/uploads\/2019\/05\/disco-polymer-logo-movil.png\",\"width\":164,\"height\":66,\"caption\":\"Discopolymer\"},\"image\":{\"@id\":\"http:\/\/discopolymer.com\/fr\/#\/schema\/logo\/image\/\"}}]}<\/script>\n<!-- \/ Yoast SEO plugin. -->","yoast_head_json":{"title":"Support - Discopolymer","robots":{"index":"index","follow":"follow","max-snippet":"max-snippet:-1","max-image-preview":"max-image-preview:large","max-video-preview":"max-video-preview:-1"},"canonical":"http:\/\/discopolymer.com\/fr\/produits\/pieces-personnalisees\/pieces-speciales-fabrication-sur-mesure\/","og_locale":"fr_FR","og_type":"article","og_title":"Support - Discopolymer","og_url":"http:\/\/discopolymer.com\/fr\/produits\/pieces-personnalisees\/pieces-speciales-fabrication-sur-mesure\/","og_site_name":"Discopolymer","article_modified_time":"2021-03-16T15:33:45+00:00","twitter_card":"summary_large_image","twitter_misc":{"Dur\u00e9e de lecture estim\u00e9e":"4 minutes"},"schema":{"@context":"https:\/\/schema.org","@graph":[{"@type":"WebPage","@id":"http:\/\/discopolymer.com\/fr\/produits\/pieces-personnalisees\/pieces-speciales-fabrication-sur-mesure\/","url":"http:\/\/discopolymer.com\/fr\/produits\/pieces-personnalisees\/pieces-speciales-fabrication-sur-mesure\/","name":"Support - Discopolymer","isPartOf":{"@id":"http:\/\/discopolymer.com\/fr\/#website"},"datePublished":"2019-05-30T10:02:54+00:00","dateModified":"2021-03-16T15:33:45+00:00","breadcrumb":{"@id":"http:\/\/discopolymer.com\/fr\/produits\/pieces-personnalisees\/pieces-speciales-fabrication-sur-mesure\/#breadcrumb"},"inLanguage":"fr-FR","potentialAction":[{"@type":"ReadAction","target":["http:\/\/discopolymer.com\/fr\/produits\/pieces-personnalisees\/pieces-speciales-fabrication-sur-mesure\/"]}]},{"@type":"BreadcrumbList","@id":"http:\/\/discopolymer.com\/fr\/produits\/pieces-personnalisees\/pieces-speciales-fabrication-sur-mesure\/#breadcrumb","itemListElement":[{"@type":"ListItem","position":1,"name":"Portada","item":"https:\/\/discopolymer.com\/fr\/"},{"@type":"ListItem","position":2,"name":"Produits","item":"https:\/\/discopolymer.com\/fr\/produits\/"},{"@type":"ListItem","position":3,"name":"Pi\u00e8ces personnalis\u00e9es","item":"http:\/\/discopolymer.com\/fr\/produits\/pieces-personnalisees\/"},{"@type":"ListItem","position":4,"name":"Support"}]},{"@type":"WebSite","@id":"http:\/\/discopolymer.com\/fr\/#website","url":"http:\/\/discopolymer.com\/fr\/","name":"Discopolymer","description":"Prefabricados en Hormig\u00f3n Pol\u00edmero","publisher":{"@id":"http:\/\/discopolymer.com\/fr\/#organization"},"potentialAction":[{"@type":"SearchAction","target":{"@type":"EntryPoint","urlTemplate":"http:\/\/discopolymer.com\/fr\/?s={search_term_string}"},"query-input":{"@type":"PropertyValueSpecification","valueRequired":true,"valueName":"search_term_string"}}],"inLanguage":"fr-FR"},{"@type":"Organization","@id":"http:\/\/discopolymer.com\/fr\/#organization","name":"Discopolymer","url":"http:\/\/discopolymer.com\/fr\/","logo":{"@type":"ImageObject","inLanguage":"fr-FR","@id":"http:\/\/discopolymer.com\/fr\/#\/schema\/logo\/image\/","url":"http:\/\/discopolymer.com\/wp-content\/uploads\/2019\/05\/disco-polymer-logo-movil.png","contentUrl":"http:\/\/discopolymer.com\/wp-content\/uploads\/2019\/05\/disco-polymer-logo-movil.png","width":164,"height":66,"caption":"Discopolymer"},"image":{"@id":"http:\/\/discopolymer.com\/fr\/#\/schema\/logo\/image\/"}}]}},"_links":{"self":[{"href":"http:\/\/discopolymer.com\/fr\/wp-json\/wp\/v2\/pages\/1041","targetHints":{"allow":["GET"]}}],"collection":[{"href":"http:\/\/discopolymer.com\/fr\/wp-json\/wp\/v2\/pages"}],"about":[{"href":"http:\/\/discopolymer.com\/fr\/wp-json\/wp\/v2\/types\/page"}],"author":[{"embeddable":true,"href":"http:\/\/discopolymer.com\/fr\/wp-json\/wp\/v2\/users\/1"}],"replies":[{"embeddable":true,"href":"http:\/\/discopolymer.com\/fr\/wp-json\/wp\/v2\/comments?post=1041"}],"version-history":[{"count":0,"href":"http:\/\/discopolymer.com\/fr\/wp-json\/wp\/v2\/pages\/1041\/revisions"}],"up":[{"embeddable":true,"href":"http:\/\/discopolymer.com\/fr\/wp-json\/wp\/v2\/pages\/2386"}],"wp:attachment":[{"href":"http:\/\/discopolymer.com\/fr\/wp-json\/wp\/v2\/media?parent=1041"}],"curies":[{"name":"wp","href":"https:\/\/api.w.org\/{rel}","templated":true}]}}