{"id":1045,"date":"2019-05-30T11:47:49","date_gmt":"2019-05-30T09:47:49","guid":{"rendered":"http:\/\/discopolymer.com\/produits\/prefabricados-arquitectonicos-albardillas-a4\/"},"modified":"2021-06-10T16:23:10","modified_gmt":"2021-06-10T14:23:10","slug":"prefabriques-en-beton-polymere-chaperon-de-mur-a4","status":"publish","type":"page","link":"http:\/\/discopolymer.com\/fr\/produits\/chaperon\/prefabriques-en-beton-polymere-chaperon-de-mur-a4\/","title":{"rendered":"Pr\u00e9fabriqu\u00e9s en b\u00e9ton polym\u00e8re \u2013 Chaperon de mur a4"},"content":{"rendered":"<p><div class=\"fusion-fullwidth fullwidth-box fusion-builder-row-1 nonhundred-percent-fullwidth non-hundred-percent-height-scrolling\" style=\"--awb-border-radius-top-left:0px;--awb-border-radius-top-right:0px;--awb-border-radius-bottom-right:0px;--awb-border-radius-bottom-left:0px;--awb-flex-wrap:wrap;\" ><div class=\"fusion-builder-row fusion-row\"><div class=\"fusion-layout-column fusion_builder_column fusion-builder-column-0 fusion_builder_column_1_1 1_1 fusion-one-full fusion-column-first fusion-column-last\" style=\"--awb-padding-top:5px;--awb-padding-left:20px;--awb-bg-size:cover;\"><div class=\"fusion-column-wrapper fusion-column-has-shadow fusion-flex-column-wrapper-legacy\"><div class=\"fusion-text fusion-text-1\"><h2><span style=\"color: #e64f28;\"><strong>PR\u00c9FABRIQU\u00c9S EN B\u00c9TON POLYM\u00c8RE<\/strong><\/span><\/h2>\n<\/div><div class=\"fusion-sep-clear\"><\/div><div class=\"fusion-separator fusion-full-width-sep\" style=\"margin-left: auto;margin-right: auto;width:100%;\"><div class=\"fusion-separator-border sep-single sep-solid\" style=\"--awb-height:20px;--awb-amount:20px;--awb-sep-color:#e64f28;border-color:#e64f28;border-top-width:2px;\"><\/div><\/div><div class=\"fusion-sep-clear\"><\/div><div class=\"fusion-text fusion-text-2\"><h2><strong>CHAPERON DE MUR A4<br \/>\n<\/strong><\/h2>\n<\/div><div class=\"fusion-clearfix\"><\/div><\/div><\/div><\/div><\/div><div class=\"fusion-fullwidth fullwidth-box fusion-builder-row-2 nonhundred-percent-fullwidth non-hundred-percent-height-scrolling\" style=\"--awb-border-radius-top-left:0px;--awb-border-radius-top-right:0px;--awb-border-radius-bottom-right:0px;--awb-border-radius-bottom-left:0px;--awb-flex-wrap:wrap;\" ><div class=\"fusion-builder-row fusion-row\"><div class=\"fusion-layout-column fusion_builder_column fusion-builder-column-1 fusion_builder_column_3_5 3_5 fusion-three-fifth fusion-column-first\" style=\"--awb-bg-size:cover;width:60%;width:calc(60% - ( ( 4% ) * 0.6 ) );margin-right: 4%;\"><div class=\"fusion-column-wrapper fusion-column-has-shadow fusion-flex-column-wrapper-legacy\"><div class=\"fusion-slider-sc fusion-flexslider-loading flexslider flexslider-hover-type-none\" data-slideshow_autoplay=\"1\" data-slideshow_smooth_height=\"0\" data-slideshow_speed=\"7000\" style=\"max-width:100%;height:100%;\"><ul class=\"slides\"><li class=\"image\"><span class=\"fusion-image-hover-element hover-type-none\"><img decoding=\"async\" src=\"http:\/\/discopolymer.com\/wp-content\/uploads\/2019\/05\/DISCO-Albardilla-a4.jpg\" width=\"900\" height=\"632\" class=\"wp-image-232\" srcset=\"http:\/\/discopolymer.com\/wp-content\/uploads\/2019\/05\/DISCO-Albardilla-a4-200x140.jpg 200w, http:\/\/discopolymer.com\/wp-content\/uploads\/2019\/05\/DISCO-Albardilla-a4-400x281.jpg 400w, http:\/\/discopolymer.com\/wp-content\/uploads\/2019\/05\/DISCO-Albardilla-a4-600x421.jpg 600w, http:\/\/discopolymer.com\/wp-content\/uploads\/2019\/05\/DISCO-Albardilla-a4-800x562.jpg 800w, http:\/\/discopolymer.com\/wp-content\/uploads\/2019\/05\/DISCO-Albardilla-a4.jpg 900w\" sizes=\"(max-width: 800px) 100vw, 800px\" \/><\/span><\/li><\/ul><\/div><div class=\"fusion-text fusion-text-3\"><p><strong>Composition : Poudre de marbre et r\u00e9sine polyester.<\/strong><br \/>\n<strong>Finition en b\u00e9ton lisse, ar\u00eates arrondies et goutte d\u2019eau en sous-face<\/strong><br \/>\n<strong>R\u00e9sistant aux chocs et aux rayures.<\/strong><br \/>\n<strong>Il n&rsquo;est pas affect\u00e9 par les acides, l&rsquo;ac\u00e9tone, les d\u00e9tergents, les graisses, etc.<\/strong><br \/>\n<strong>Le mat\u00e9riel est servi correctement palettiser et prot\u00e9g\u00e9 pour \u00e9viter les coups<\/strong><\/p>\n<\/div><div class=\"fusion-button-wrapper\"><a class=\"fusion-button button-flat fusion-button-default-size button-default fusion-button-default button-1 fusion-button-default-span fusion-button-default-type\" target=\"_blank\" rel=\"noopener noreferrer\" href=\"http:\/\/discopolymer.com\/wp-content\/uploads\/2020\/01\/FICHA-TECNICA-CHAPERON-A4.pdf\"><span class=\"fusion-button-text awb-button__text awb-button__text--default\">+ TELECHARGER LA FICHE TECHNIQUE<\/span><\/a><\/div><div class=\"fusion-clearfix\"><\/div><\/div><\/div><div class=\"fusion-layout-column fusion_builder_column fusion-builder-column-2 fusion_builder_column_2_5 2_5 fusion-two-fifth fusion-column-last\" style=\"--awb-bg-size:cover;width:40%;width:calc(40% - ( ( 4% ) * 0.4 ) );\"><div class=\"fusion-column-wrapper fusion-column-has-shadow fusion-flex-column-wrapper-legacy\"><div class=\"fusion-text fusion-text-4\"><h3><strong>SP\u00c9CIFICATIONS TECHNIQUES ET CARACT\u00c9RISTIQUES<\/strong><\/h3>\n<h3><\/h3>\n<\/div><div class=\"fusion-text fusion-text-5\">\n<table id=\"tablepress-21\" class=\"tablepress tablepress-id-21\">\n<tbody>\n<tr class=\"row-1\">\n\t<td class=\"column-1\">Longueur<\/td><td class=\"column-2\">125 cm<\/td>\n<\/tr>\n<tr class=\"row-2\">\n\t<td class=\"column-1\">Largeur<\/td><td class=\"column-2\">De 23 cm \u00e0 37 cm (si vous souhaitez d'autres mesures, contactez-nous).<\/td>\n<\/tr>\n<tr class=\"row-3\">\n\t<td class=\"column-1\">Mesure int\u00e9rieure (b)<\/td><td class=\"column-2\">a-5 cm<\/td>\n<\/tr>\n<tr class=\"row-4\">\n\t<td class=\"column-1\">\u00c9paisseur ext\u00e9rieure (c)<\/td><td class=\"column-2\">15 mm<\/td>\n<\/tr>\n<tr class=\"row-5\">\n\t<td class=\"column-1\">\u00c9paisseur centrale (d)<\/td><td class=\"column-2\">25 mm<\/td>\n<\/tr>\n<tr class=\"row-6\">\n\t<td class=\"column-1\">Couleur<\/td><td class=\"column-2\">Possibilit\u00e9 de fabrication avec n'importe quelle couleur du nuancier RAL.<\/td>\n<\/tr>\n<tr class=\"row-7\">\n\t<td class=\"column-1\">Composition<\/td><td class=\"column-2\">Poudre de marbre et r\u00e9sine polyester.<\/td>\n<\/tr>\n<\/tbody>\n<\/table>\n\n<\/div><div class=\"fusion-clearfix\"><\/div><\/div><\/div><\/div><\/div><div class=\"fusion-fullwidth fullwidth-box fusion-builder-row-3 nonhundred-percent-fullwidth non-hundred-percent-height-scrolling\" style=\"--awb-border-radius-top-left:0px;--awb-border-radius-top-right:0px;--awb-border-radius-bottom-right:0px;--awb-border-radius-bottom-left:0px;--awb-padding-top:0px;--awb-margin-top:0px;--awb-flex-wrap:wrap;\" ><div class=\"fusion-builder-row fusion-row\"><div class=\"fusion-layout-column fusion_builder_column fusion-builder-column-3 fusion_builder_column_1_1 1_1 fusion-one-full fusion-column-first fusion-column-last\" style=\"--awb-bg-size:cover;--awb-margin-bottom:0px;\"><div class=\"fusion-column-wrapper fusion-column-has-shadow fusion-flex-column-wrapper-legacy\"><div class=\"fusion-text fusion-text-6\"><h3><strong>COULEURS DISPONIBLES<\/strong><\/h3>\n<p>NOTE: Ces couleurs sont indicatives. Pour confirmation, vous pouvez demander un \u00e9chantillon du produit. Discopolymer peut fabriquer des produits avec n&rsquo;importe quelle couleur du nuancier RAL.<\/p>\n<\/div><div class=\"fusion-text fusion-text-7\">\n\t\t<style type=\"text\/css\">\n\t\t\t#gallery-1 {\n\t\t\t\tmargin: auto;\n\t\t\t}\n\t\t\t#gallery-1 .gallery-item {\n\t\t\t\tfloat: left;\n\t\t\t\tmargin-top: 10px;\n\t\t\t\ttext-align: center;\n\t\t\t\twidth: 20%;\n\t\t\t}\n\t\t\t#gallery-1 img {\n\t\t\t\tborder: 2px solid #cfcfcf;\n\t\t\t}\n\t\t\t#gallery-1 .gallery-caption {\n\t\t\t\tmargin-left: 0;\n\t\t\t}\n\t\t\t\/* see gallery_shortcode() in wp-includes\/media.php *\/\n\t\t<\/style>\n\t\t<div id='gallery-1' class='gallery galleryid-1045 gallery-columns-5 gallery-size-medium'><dl class='gallery-item'>\n\t\t\t<dt class='gallery-icon landscape'>\n\t\t\t\t<a data-rel=\"iLightbox[postimages]\" data-title=\"DISCO 1612D\" data-caption=\"1612D\" href='http:\/\/discopolymer.com\/wp-content\/uploads\/2019\/10\/DISCO-1612D-2.jpg'><img decoding=\"async\" width=\"300\" height=\"146\" src=\"http:\/\/discopolymer.com\/wp-content\/uploads\/2019\/10\/DISCO-1612D-2-300x146.jpg\" class=\"attachment-medium size-medium\" alt=\"\" aria-describedby=\"gallery-1-500\" srcset=\"http:\/\/discopolymer.com\/wp-content\/uploads\/2019\/10\/DISCO-1612D-2-200x97.jpg 200w, http:\/\/discopolymer.com\/wp-content\/uploads\/2019\/10\/DISCO-1612D-2-300x146.jpg 300w, http:\/\/discopolymer.com\/wp-content\/uploads\/2019\/10\/DISCO-1612D-2-400x194.jpg 400w, http:\/\/discopolymer.com\/wp-content\/uploads\/2019\/10\/DISCO-1612D-2.jpg 558w\" sizes=\"(max-width: 300px) 100vw, 300px\" \/><\/a>\n\t\t\t<\/dt>\n\t\t\t\t<dd class='wp-caption-text gallery-caption' id='gallery-1-500'>\n\t\t\t\t1612D\n\t\t\t\t<\/dd><\/dl><dl class='gallery-item'>\n\t\t\t<dt class='gallery-icon landscape'>\n\t\t\t\t<a data-rel=\"iLightbox[postimages]\" data-title=\"CREMA\" data-caption=\"CR\u00c8ME 1621\" href='http:\/\/discopolymer.com\/wp-content\/uploads\/2019\/10\/CREMA.jpg'><img decoding=\"async\" width=\"300\" height=\"146\" src=\"http:\/\/discopolymer.com\/wp-content\/uploads\/2019\/10\/CREMA-300x146.jpg\" class=\"attachment-medium size-medium\" alt=\"\" aria-describedby=\"gallery-1-576\" srcset=\"http:\/\/discopolymer.com\/wp-content\/uploads\/2019\/10\/CREMA-200x97.jpg 200w, http:\/\/discopolymer.com\/wp-content\/uploads\/2019\/10\/CREMA-300x146.jpg 300w, http:\/\/discopolymer.com\/wp-content\/uploads\/2019\/10\/CREMA-400x195.jpg 400w, http:\/\/discopolymer.com\/wp-content\/uploads\/2019\/10\/CREMA.jpg 558w\" sizes=\"(max-width: 300px) 100vw, 300px\" \/><\/a>\n\t\t\t<\/dt>\n\t\t\t\t<dd class='wp-caption-text gallery-caption' id='gallery-1-576'>\n\t\t\t\tCR\u00c8ME 1621\n\t\t\t\t<\/dd><\/dl><dl class='gallery-item'>\n\t\t\t<dt class='gallery-icon landscape'>\n\t\t\t\t<a data-rel=\"iLightbox[postimages]\" data-title=\"DISCO 1618D\" data-caption=\"1618D\" href='http:\/\/discopolymer.com\/wp-content\/uploads\/2019\/10\/DISCO-1618D-3.jpg'><img decoding=\"async\" width=\"300\" height=\"145\" src=\"http:\/\/discopolymer.com\/wp-content\/uploads\/2019\/10\/DISCO-1618D-3-300x145.jpg\" class=\"attachment-medium size-medium\" alt=\"\" aria-describedby=\"gallery-1-546\" srcset=\"http:\/\/discopolymer.com\/wp-content\/uploads\/2019\/10\/DISCO-1618D-3-200x97.jpg 200w, http:\/\/discopolymer.com\/wp-content\/uploads\/2019\/10\/DISCO-1618D-3-300x145.jpg 300w, http:\/\/discopolymer.com\/wp-content\/uploads\/2019\/10\/DISCO-1618D-3-400x194.jpg 400w, http:\/\/discopolymer.com\/wp-content\/uploads\/2019\/10\/DISCO-1618D-3.jpg 559w\" sizes=\"(max-width: 300px) 100vw, 300px\" \/><\/a>\n\t\t\t<\/dt>\n\t\t\t\t<dd class='wp-caption-text gallery-caption' id='gallery-1-546'>\n\t\t\t\t1618D\n\t\t\t\t<\/dd><\/dl><dl class='gallery-item'>\n\t\t\t<dt class='gallery-icon landscape'>\n\t\t\t\t<a data-rel=\"iLightbox[postimages]\" data-title=\"7016\" data-caption=\"RAL 7016\" href='http:\/\/discopolymer.com\/wp-content\/uploads\/2021\/06\/7016.jpg'><img decoding=\"async\" width=\"300\" height=\"146\" src=\"http:\/\/discopolymer.com\/wp-content\/uploads\/2021\/06\/7016-300x146.jpg\" class=\"attachment-medium size-medium\" alt=\"\" aria-describedby=\"gallery-1-3723\" srcset=\"http:\/\/discopolymer.com\/wp-content\/uploads\/2021\/06\/7016-200x97.jpg 200w, http:\/\/discopolymer.com\/wp-content\/uploads\/2021\/06\/7016-300x146.jpg 300w, http:\/\/discopolymer.com\/wp-content\/uploads\/2021\/06\/7016-400x194.jpg 400w, http:\/\/discopolymer.com\/wp-content\/uploads\/2021\/06\/7016.jpg 558w\" sizes=\"(max-width: 300px) 100vw, 300px\" \/><\/a>\n\t\t\t<\/dt>\n\t\t\t\t<dd class='wp-caption-text gallery-caption' id='gallery-1-3723'>\n\t\t\t\tRAL 7016\n\t\t\t\t<\/dd><\/dl>\n\t\t\t<br style='clear: both' \/>\n\t\t<\/div>\n\n<\/div><div class=\"fusion-clearfix\"><\/div><\/div><\/div><\/div><\/div><\/p>\n","protected":false},"excerpt":{"rendered":"","protected":false},"author":1,"featured_media":0,"parent":4556,"menu_order":0,"comment_status":"closed","ping_status":"closed","template":"","meta":{"footnotes":""},"class_list":["post-1045","page","type-page","status-publish","hentry"],"yoast_head":"<!-- This site is optimized with the Yoast SEO plugin v27.2 - https:\/\/yoast.com\/product\/yoast-seo-wordpress\/ -->\n<title>Pr\u00e9fabriqu\u00e9s en b\u00e9ton polym\u00e8re \u2013 Chaperon de mur a4 - Discopolymer<\/title>\n<meta name=\"robots\" content=\"index, follow, max-snippet:-1, max-image-preview:large, max-video-preview:-1\" \/>\n<link rel=\"canonical\" href=\"http:\/\/discopolymer.com\/fr\/produits\/chaperon\/prefabriques-en-beton-polymere-chaperon-de-mur-a4\/\" \/>\n<meta property=\"og:locale\" content=\"fr_FR\" \/>\n<meta property=\"og:type\" content=\"article\" \/>\n<meta property=\"og:title\" content=\"Pr\u00e9fabriqu\u00e9s en b\u00e9ton polym\u00e8re \u2013 Chaperon de mur a4 - Discopolymer\" \/>\n<meta property=\"og:url\" content=\"http:\/\/discopolymer.com\/fr\/produits\/chaperon\/prefabriques-en-beton-polymere-chaperon-de-mur-a4\/\" \/>\n<meta property=\"og:site_name\" content=\"Discopolymer\" \/>\n<meta property=\"article:modified_time\" content=\"2021-06-10T14:23:10+00:00\" \/>\n<meta name=\"twitter:card\" content=\"summary_large_image\" \/>\n<meta name=\"twitter:label1\" content=\"Dur\u00e9e de lecture estim\u00e9e\" \/>\n\t<meta name=\"twitter:data1\" content=\"6 minutes\" \/>\n<script type=\"application\/ld+json\" class=\"yoast-schema-graph\">{\"@context\":\"https:\/\/schema.org\",\"@graph\":[{\"@type\":\"WebPage\",\"@id\":\"http:\/\/discopolymer.com\/fr\/produits\/chaperon\/prefabriques-en-beton-polymere-chaperon-de-mur-a4\/\",\"url\":\"http:\/\/discopolymer.com\/fr\/produits\/chaperon\/prefabriques-en-beton-polymere-chaperon-de-mur-a4\/\",\"name\":\"Pr\u00e9fabriqu\u00e9s en b\u00e9ton polym\u00e8re \u2013 Chaperon de mur a4 - Discopolymer\",\"isPartOf\":{\"@id\":\"http:\/\/discopolymer.com\/fr\/#website\"},\"datePublished\":\"2019-05-30T09:47:49+00:00\",\"dateModified\":\"2021-06-10T14:23:10+00:00\",\"breadcrumb\":{\"@id\":\"http:\/\/discopolymer.com\/fr\/produits\/chaperon\/prefabriques-en-beton-polymere-chaperon-de-mur-a4\/#breadcrumb\"},\"inLanguage\":\"fr-FR\",\"potentialAction\":[{\"@type\":\"ReadAction\",\"target\":[\"http:\/\/discopolymer.com\/fr\/produits\/chaperon\/prefabriques-en-beton-polymere-chaperon-de-mur-a4\/\"]}]},{\"@type\":\"BreadcrumbList\",\"@id\":\"http:\/\/discopolymer.com\/fr\/produits\/chaperon\/prefabriques-en-beton-polymere-chaperon-de-mur-a4\/#breadcrumb\",\"itemListElement\":[{\"@type\":\"ListItem\",\"position\":1,\"name\":\"Portada\",\"item\":\"http:\/\/discopolymer.com\/fr\/\"},{\"@type\":\"ListItem\",\"position\":2,\"name\":\"Produits\",\"item\":\"http:\/\/discopolymer.com\/fr\/produits\/\"},{\"@type\":\"ListItem\",\"position\":3,\"name\":\"CHAPERON\",\"item\":\"http:\/\/discopolymer.com\/fr\/produits\/chaperon\/\"},{\"@type\":\"ListItem\",\"position\":4,\"name\":\"Pr\u00e9fabriqu\u00e9s en b\u00e9ton polym\u00e8re \u2013 Chaperon de mur a4\"}]},{\"@type\":\"WebSite\",\"@id\":\"http:\/\/discopolymer.com\/fr\/#website\",\"url\":\"http:\/\/discopolymer.com\/fr\/\",\"name\":\"Discopolymer\",\"description\":\"Prefabricados en Hormig\u00f3n Pol\u00edmero\",\"publisher\":{\"@id\":\"http:\/\/discopolymer.com\/fr\/#organization\"},\"potentialAction\":[{\"@type\":\"SearchAction\",\"target\":{\"@type\":\"EntryPoint\",\"urlTemplate\":\"http:\/\/discopolymer.com\/fr\/?s={search_term_string}\"},\"query-input\":{\"@type\":\"PropertyValueSpecification\",\"valueRequired\":true,\"valueName\":\"search_term_string\"}}],\"inLanguage\":\"fr-FR\"},{\"@type\":\"Organization\",\"@id\":\"http:\/\/discopolymer.com\/fr\/#organization\",\"name\":\"Discopolymer\",\"url\":\"http:\/\/discopolymer.com\/fr\/\",\"logo\":{\"@type\":\"ImageObject\",\"inLanguage\":\"fr-FR\",\"@id\":\"http:\/\/discopolymer.com\/fr\/#\/schema\/logo\/image\/\",\"url\":\"http:\/\/discopolymer.com\/wp-content\/uploads\/2019\/05\/disco-polymer-logo-movil.png\",\"contentUrl\":\"http:\/\/discopolymer.com\/wp-content\/uploads\/2019\/05\/disco-polymer-logo-movil.png\",\"width\":164,\"height\":66,\"caption\":\"Discopolymer\"},\"image\":{\"@id\":\"http:\/\/discopolymer.com\/fr\/#\/schema\/logo\/image\/\"}}]}<\/script>\n<!-- \/ Yoast SEO plugin. -->","yoast_head_json":{"title":"Pr\u00e9fabriqu\u00e9s en b\u00e9ton polym\u00e8re \u2013 Chaperon de mur a4 - Discopolymer","robots":{"index":"index","follow":"follow","max-snippet":"max-snippet:-1","max-image-preview":"max-image-preview:large","max-video-preview":"max-video-preview:-1"},"canonical":"http:\/\/discopolymer.com\/fr\/produits\/chaperon\/prefabriques-en-beton-polymere-chaperon-de-mur-a4\/","og_locale":"fr_FR","og_type":"article","og_title":"Pr\u00e9fabriqu\u00e9s en b\u00e9ton polym\u00e8re \u2013 Chaperon de mur a4 - Discopolymer","og_url":"http:\/\/discopolymer.com\/fr\/produits\/chaperon\/prefabriques-en-beton-polymere-chaperon-de-mur-a4\/","og_site_name":"Discopolymer","article_modified_time":"2021-06-10T14:23:10+00:00","twitter_card":"summary_large_image","twitter_misc":{"Dur\u00e9e de lecture estim\u00e9e":"6 minutes"},"schema":{"@context":"https:\/\/schema.org","@graph":[{"@type":"WebPage","@id":"http:\/\/discopolymer.com\/fr\/produits\/chaperon\/prefabriques-en-beton-polymere-chaperon-de-mur-a4\/","url":"http:\/\/discopolymer.com\/fr\/produits\/chaperon\/prefabriques-en-beton-polymere-chaperon-de-mur-a4\/","name":"Pr\u00e9fabriqu\u00e9s en b\u00e9ton polym\u00e8re \u2013 Chaperon de mur a4 - Discopolymer","isPartOf":{"@id":"http:\/\/discopolymer.com\/fr\/#website"},"datePublished":"2019-05-30T09:47:49+00:00","dateModified":"2021-06-10T14:23:10+00:00","breadcrumb":{"@id":"http:\/\/discopolymer.com\/fr\/produits\/chaperon\/prefabriques-en-beton-polymere-chaperon-de-mur-a4\/#breadcrumb"},"inLanguage":"fr-FR","potentialAction":[{"@type":"ReadAction","target":["http:\/\/discopolymer.com\/fr\/produits\/chaperon\/prefabriques-en-beton-polymere-chaperon-de-mur-a4\/"]}]},{"@type":"BreadcrumbList","@id":"http:\/\/discopolymer.com\/fr\/produits\/chaperon\/prefabriques-en-beton-polymere-chaperon-de-mur-a4\/#breadcrumb","itemListElement":[{"@type":"ListItem","position":1,"name":"Portada","item":"http:\/\/discopolymer.com\/fr\/"},{"@type":"ListItem","position":2,"name":"Produits","item":"http:\/\/discopolymer.com\/fr\/produits\/"},{"@type":"ListItem","position":3,"name":"CHAPERON","item":"http:\/\/discopolymer.com\/fr\/produits\/chaperon\/"},{"@type":"ListItem","position":4,"name":"Pr\u00e9fabriqu\u00e9s en b\u00e9ton polym\u00e8re \u2013 Chaperon de mur a4"}]},{"@type":"WebSite","@id":"http:\/\/discopolymer.com\/fr\/#website","url":"http:\/\/discopolymer.com\/fr\/","name":"Discopolymer","description":"Prefabricados en Hormig\u00f3n Pol\u00edmero","publisher":{"@id":"http:\/\/discopolymer.com\/fr\/#organization"},"potentialAction":[{"@type":"SearchAction","target":{"@type":"EntryPoint","urlTemplate":"http:\/\/discopolymer.com\/fr\/?s={search_term_string}"},"query-input":{"@type":"PropertyValueSpecification","valueRequired":true,"valueName":"search_term_string"}}],"inLanguage":"fr-FR"},{"@type":"Organization","@id":"http:\/\/discopolymer.com\/fr\/#organization","name":"Discopolymer","url":"http:\/\/discopolymer.com\/fr\/","logo":{"@type":"ImageObject","inLanguage":"fr-FR","@id":"http:\/\/discopolymer.com\/fr\/#\/schema\/logo\/image\/","url":"http:\/\/discopolymer.com\/wp-content\/uploads\/2019\/05\/disco-polymer-logo-movil.png","contentUrl":"http:\/\/discopolymer.com\/wp-content\/uploads\/2019\/05\/disco-polymer-logo-movil.png","width":164,"height":66,"caption":"Discopolymer"},"image":{"@id":"http:\/\/discopolymer.com\/fr\/#\/schema\/logo\/image\/"}}]}},"_links":{"self":[{"href":"http:\/\/discopolymer.com\/fr\/wp-json\/wp\/v2\/pages\/1045","targetHints":{"allow":["GET"]}}],"collection":[{"href":"http:\/\/discopolymer.com\/fr\/wp-json\/wp\/v2\/pages"}],"about":[{"href":"http:\/\/discopolymer.com\/fr\/wp-json\/wp\/v2\/types\/page"}],"author":[{"embeddable":true,"href":"http:\/\/discopolymer.com\/fr\/wp-json\/wp\/v2\/users\/1"}],"replies":[{"embeddable":true,"href":"http:\/\/discopolymer.com\/fr\/wp-json\/wp\/v2\/comments?post=1045"}],"version-history":[{"count":0,"href":"http:\/\/discopolymer.com\/fr\/wp-json\/wp\/v2\/pages\/1045\/revisions"}],"up":[{"embeddable":true,"href":"http:\/\/discopolymer.com\/fr\/wp-json\/wp\/v2\/pages\/4556"}],"wp:attachment":[{"href":"http:\/\/discopolymer.com\/fr\/wp-json\/wp\/v2\/media?parent=1045"}],"curies":[{"name":"wp","href":"https:\/\/api.w.org\/{rel}","templated":true}]}}