{"id":1049,"date":"2019-05-30T11:55:38","date_gmt":"2019-05-30T09:55:38","guid":{"rendered":"http:\/\/discopolymer.com\/produits\/prefabricados-arquitectonicos-dintel-d1\/"},"modified":"2021-12-22T10:35:01","modified_gmt":"2021-12-22T09:35:01","slug":"prefabriques-en-beton-polymere-linteau-d1","status":"publish","type":"page","link":"http:\/\/discopolymer.com\/fr\/produits\/gargoles-linteaux\/prefabriques-en-beton-polymere-linteau-d1\/","title":{"rendered":"Pr\u00e9fabriqu\u00e9s en b\u00e9ton polym\u00e8re \u2013 Linteau D1"},"content":{"rendered":"<p><div class=\"fusion-fullwidth fullwidth-box fusion-builder-row-1 nonhundred-percent-fullwidth non-hundred-percent-height-scrolling\" style=\"--awb-border-radius-top-left:0px;--awb-border-radius-top-right:0px;--awb-border-radius-bottom-right:0px;--awb-border-radius-bottom-left:0px;--awb-flex-wrap:wrap;\" ><div class=\"fusion-builder-row fusion-row\"><div class=\"fusion-layout-column fusion_builder_column fusion-builder-column-0 fusion_builder_column_1_1 1_1 fusion-one-full fusion-column-first fusion-column-last\" style=\"--awb-padding-top:5px;--awb-padding-left:20px;--awb-bg-size:cover;\"><div class=\"fusion-column-wrapper fusion-column-has-shadow fusion-flex-column-wrapper-legacy\"><div class=\"fusion-text fusion-text-1\"><h2><span style=\"color: #e64f28;\"><strong>GARGOUILLES ET LINTEAUX<\/strong><\/span><\/h2>\n<\/div><div class=\"fusion-sep-clear\"><\/div><div class=\"fusion-separator fusion-full-width-sep\" style=\"margin-left: auto;margin-right: auto;width:100%;\"><div class=\"fusion-separator-border sep-single sep-solid\" style=\"--awb-height:20px;--awb-amount:20px;--awb-sep-color:#e64f28;border-color:#e64f28;border-top-width:2px;\"><\/div><\/div><div class=\"fusion-sep-clear\"><\/div><div class=\"fusion-text fusion-text-2\"><h2><strong>LINTEAU D1<br \/>\n<\/strong><\/h2>\n<\/div><div class=\"fusion-clearfix\"><\/div><\/div><\/div><\/div><\/div><div class=\"fusion-fullwidth fullwidth-box fusion-builder-row-2 nonhundred-percent-fullwidth non-hundred-percent-height-scrolling\" style=\"--awb-border-radius-top-left:0px;--awb-border-radius-top-right:0px;--awb-border-radius-bottom-right:0px;--awb-border-radius-bottom-left:0px;--awb-flex-wrap:wrap;\" ><div class=\"fusion-builder-row fusion-row\"><div class=\"fusion-layout-column fusion_builder_column fusion-builder-column-1 fusion_builder_column_3_5 3_5 fusion-three-fifth fusion-column-first\" style=\"--awb-bg-size:cover;width:60%;width:calc(60% - ( ( 4% ) * 0.6 ) );margin-right: 4%;\"><div class=\"fusion-column-wrapper fusion-column-has-shadow fusion-flex-column-wrapper-legacy\"><div class=\"fusion-slider-sc fusion-flexslider-loading flexslider flexslider-hover-type-none\" data-slideshow_autoplay=\"1\" data-slideshow_smooth_height=\"0\" data-slideshow_speed=\"7000\" style=\"max-width:100%;height:100%;\"><ul class=\"slides\"><li class=\"image\"><span class=\"fusion-image-hover-element hover-type-none\"><img decoding=\"async\" src=\"http:\/\/discopolymer.com\/wp-content\/uploads\/2019\/05\/DISCO-Dintel-d1.jpg\" width=\"975\" height=\"622\" class=\"wp-image-234\" srcset=\"http:\/\/discopolymer.com\/wp-content\/uploads\/2019\/05\/DISCO-Dintel-d1-200x128.jpg 200w, http:\/\/discopolymer.com\/wp-content\/uploads\/2019\/05\/DISCO-Dintel-d1-400x255.jpg 400w, http:\/\/discopolymer.com\/wp-content\/uploads\/2019\/05\/DISCO-Dintel-d1-600x383.jpg 600w, http:\/\/discopolymer.com\/wp-content\/uploads\/2019\/05\/DISCO-Dintel-d1-800x510.jpg 800w, http:\/\/discopolymer.com\/wp-content\/uploads\/2019\/05\/DISCO-Dintel-d1.jpg 975w\" sizes=\"(max-width: 800px) 100vw, 800px\" \/><\/span><\/li><\/ul><\/div><div class=\"fusion-text fusion-text-3\"><p><strong>Il agit comme un \u00e9l\u00e9ment d\u00e9coratif, un produit con\u00e7u pour une qualit\u00e9 sup\u00e9rieure dans les ouvertures des portes et des fen\u00eatres.<\/strong><\/p>\n<\/div><div class=\"fusion-button-wrapper\"><a class=\"fusion-button button-flat fusion-button-default-size button-default fusion-button-default button-1 fusion-button-default-span fusion-button-default-type\" target=\"_self\" href=\"#\"><span class=\"fusion-button-text awb-button__text awb-button__text--default\">+ TELECHARGER LA FICHE TECHNIQUE<\/span><\/a><\/div><div class=\"fusion-clearfix\"><\/div><\/div><\/div><div class=\"fusion-layout-column fusion_builder_column fusion-builder-column-2 fusion_builder_column_2_5 2_5 fusion-two-fifth fusion-column-last\" style=\"--awb-bg-size:cover;width:40%;width:calc(40% - ( ( 4% ) * 0.4 ) );\"><div class=\"fusion-column-wrapper fusion-column-has-shadow fusion-flex-column-wrapper-legacy\"><div class=\"fusion-text fusion-text-4\"><h3><strong>SP\u00c9CIFICATIONS TECHNIQUES ET CARACT\u00c9RISTIQUES<\/strong><\/h3>\n<h3><\/h3>\n<\/div><div class=\"fusion-text fusion-text-5\">\n<table id=\"tablepress-24\" class=\"tablepress tablepress-id-24\">\n<tbody>\n<tr class=\"row-1\">\n\t<td class=\"column-1\">Longeur<\/td><td class=\"column-2\">Sur mesure<\/td>\n<\/tr>\n<tr class=\"row-2\">\n\t<td class=\"column-1\">Largeur (a)<\/td><td class=\"column-2\">115 mm<\/td>\n<\/tr>\n<tr class=\"row-3\">\n\t<td class=\"column-1\">\u00c9paisseur<\/td><td class=\"column-2\">55 mm<\/td>\n<\/tr>\n<tr class=\"row-4\">\n\t<td class=\"column-1\">Couleur<\/td><td class=\"column-2\">Fabrication possible dans toutes les couleurs de la palette RAL.<\/td>\n<\/tr>\n<tr class=\"row-5\">\n\t<td class=\"column-1\">Composition<\/td><td class=\"column-2\">Sable de marbre et r\u00e9sine de polyester<\/td>\n<\/tr>\n<\/tbody>\n<\/table>\n<!-- #tablepress-24 from cache -->\n<\/div><div class=\"fusion-clearfix\"><\/div><\/div><\/div><\/div><\/div><div class=\"fusion-fullwidth fullwidth-box fusion-builder-row-3 nonhundred-percent-fullwidth non-hundred-percent-height-scrolling\" style=\"--awb-border-radius-top-left:0px;--awb-border-radius-top-right:0px;--awb-border-radius-bottom-right:0px;--awb-border-radius-bottom-left:0px;--awb-padding-top:40px;--awb-flex-wrap:wrap;\" ><div class=\"fusion-builder-row fusion-row\"><div class=\"fusion-layout-column fusion_builder_column fusion-builder-column-3 fusion_builder_column_1_1 1_1 fusion-one-full fusion-column-first fusion-column-last\" style=\"--awb-bg-size:cover;\"><div class=\"fusion-column-wrapper fusion-column-has-shadow fusion-flex-column-wrapper-legacy\"><div class=\"fusion-text fusion-text-6\"><h3><strong>COULEURS DISPONIBLES<\/strong><\/h3>\n<p>NOTE: Ces couleurs sont indicatives. Pour confirmation, vous pouvez demander un \u00e9chantillon du produit<\/p>\n<\/div><div class=\"fusion-clearfix\"><\/div><\/div><\/div><\/div><\/div><div class=\"fusion-fullwidth fullwidth-box fusion-builder-row-4 nonhundred-percent-fullwidth non-hundred-percent-height-scrolling\" style=\"--awb-border-radius-top-left:0px;--awb-border-radius-top-right:0px;--awb-border-radius-bottom-right:0px;--awb-border-radius-bottom-left:0px;--awb-flex-wrap:wrap;\" ><div class=\"fusion-builder-row fusion-row\"><div class=\"fusion-layout-column fusion_builder_column fusion-builder-column-4 fusion_builder_column_5_6 5_6 fusion-five-sixth fusion-column-first\" style=\"--awb-bg-size:cover;width:83.333333333333%;width:calc(83.333333333333% - ( ( 4% ) * 0.83333333333333 ) );margin-right: 4%;\"><div class=\"fusion-column-wrapper fusion-column-has-shadow fusion-flex-column-wrapper-legacy\"><div class=\"fusion-text fusion-text-7\">\n\t\t<style type=\"text\/css\">\n\t\t\t#gallery-1 {\n\t\t\t\tmargin: auto;\n\t\t\t}\n\t\t\t#gallery-1 .gallery-item {\n\t\t\t\tfloat: left;\n\t\t\t\tmargin-top: 10px;\n\t\t\t\ttext-align: center;\n\t\t\t\twidth: 20%;\n\t\t\t}\n\t\t\t#gallery-1 img {\n\t\t\t\tborder: 2px solid #cfcfcf;\n\t\t\t}\n\t\t\t#gallery-1 .gallery-caption {\n\t\t\t\tmargin-left: 0;\n\t\t\t}\n\t\t\t\/* see gallery_shortcode() in wp-includes\/media.php *\/\n\t\t<\/style>\n\t\t<div id='gallery-1' class='gallery galleryid-1049 gallery-columns-5 gallery-size-medium'><dl class='gallery-item'>\n\t\t\t<dt class='gallery-icon landscape'>\n\t\t\t\t<a data-rel=\"iLightbox[postimages]\" data-title=\"BLANC\" data-caption=\"BLANC 1612\" href='http:\/\/discopolymer.com\/wp-content\/uploads\/2019\/10\/BLANC.jpg'><img decoding=\"async\" width=\"300\" height=\"146\" src=\"http:\/\/discopolymer.com\/wp-content\/uploads\/2019\/10\/BLANC-300x146.jpg\" class=\"attachment-medium size-medium\" alt=\"\" aria-describedby=\"gallery-1-574\" srcset=\"http:\/\/discopolymer.com\/wp-content\/uploads\/2019\/10\/BLANC-200x97.jpg 200w, http:\/\/discopolymer.com\/wp-content\/uploads\/2019\/10\/BLANC-300x146.jpg 300w, http:\/\/discopolymer.com\/wp-content\/uploads\/2019\/10\/BLANC-400x195.jpg 400w, http:\/\/discopolymer.com\/wp-content\/uploads\/2019\/10\/BLANC.jpg 558w\" sizes=\"(max-width: 300px) 100vw, 300px\" \/><\/a>\n\t\t\t<\/dt>\n\t\t\t\t<dd class='wp-caption-text gallery-caption' id='gallery-1-574'>\n\t\t\t\tBLANC 1612\n\t\t\t\t<\/dd><\/dl><dl class='gallery-item'>\n\t\t\t<dt class='gallery-icon landscape'>\n\t\t\t\t<a data-rel=\"iLightbox[postimages]\" data-title=\"CREMA\" data-caption=\"CR\u00c8ME 1621\" href='http:\/\/discopolymer.com\/wp-content\/uploads\/2019\/10\/CREMA.jpg'><img decoding=\"async\" width=\"300\" height=\"146\" src=\"http:\/\/discopolymer.com\/wp-content\/uploads\/2019\/10\/CREMA-300x146.jpg\" class=\"attachment-medium size-medium\" alt=\"\" aria-describedby=\"gallery-1-576\" srcset=\"http:\/\/discopolymer.com\/wp-content\/uploads\/2019\/10\/CREMA-200x97.jpg 200w, http:\/\/discopolymer.com\/wp-content\/uploads\/2019\/10\/CREMA-300x146.jpg 300w, http:\/\/discopolymer.com\/wp-content\/uploads\/2019\/10\/CREMA-400x195.jpg 400w, http:\/\/discopolymer.com\/wp-content\/uploads\/2019\/10\/CREMA.jpg 558w\" sizes=\"(max-width: 300px) 100vw, 300px\" \/><\/a>\n\t\t\t<\/dt>\n\t\t\t\t<dd class='wp-caption-text gallery-caption' id='gallery-1-576'>\n\t\t\t\tCR\u00c8ME 1621\n\t\t\t\t<\/dd><\/dl><dl class='gallery-item'>\n\t\t\t<dt class='gallery-icon landscape'>\n\t\t\t\t<a data-rel=\"iLightbox[postimages]\" data-title=\"GRIS\" data-caption=\"GRIS 1618\" href='http:\/\/discopolymer.com\/wp-content\/uploads\/2019\/10\/GRIS.jpg'><img decoding=\"async\" width=\"300\" height=\"146\" src=\"http:\/\/discopolymer.com\/wp-content\/uploads\/2019\/10\/GRIS-300x146.jpg\" class=\"attachment-medium size-medium\" alt=\"\" aria-describedby=\"gallery-1-578\" srcset=\"http:\/\/discopolymer.com\/wp-content\/uploads\/2019\/10\/GRIS-200x97.jpg 200w, http:\/\/discopolymer.com\/wp-content\/uploads\/2019\/10\/GRIS-300x146.jpg 300w, http:\/\/discopolymer.com\/wp-content\/uploads\/2019\/10\/GRIS-400x195.jpg 400w, http:\/\/discopolymer.com\/wp-content\/uploads\/2019\/10\/GRIS.jpg 558w\" sizes=\"(max-width: 300px) 100vw, 300px\" \/><\/a>\n\t\t\t<\/dt>\n\t\t\t\t<dd class='wp-caption-text gallery-caption' id='gallery-1-578'>\n\t\t\t\tGRIS 1618\n\t\t\t\t<\/dd><\/dl>\n\t\t\t<br style='clear: both' \/>\n\t\t<\/div>\n\n<\/div><div class=\"fusion-clearfix\"><\/div><\/div><\/div><\/div><\/div><\/p>\n","protected":false},"excerpt":{"rendered":"","protected":false},"author":1,"featured_media":0,"parent":4582,"menu_order":0,"comment_status":"closed","ping_status":"closed","template":"","meta":{"footnotes":""},"class_list":["post-1049","page","type-page","status-publish","hentry"],"yoast_head":"<!-- This site is optimized with the Yoast SEO plugin v27.2 - https:\/\/yoast.com\/product\/yoast-seo-wordpress\/ -->\n<title>Pr\u00e9fabriqu\u00e9s en b\u00e9ton polym\u00e8re \u2013 Linteau D1 - Discopolymer<\/title>\n<meta name=\"robots\" content=\"index, follow, max-snippet:-1, max-image-preview:large, max-video-preview:-1\" \/>\n<link rel=\"canonical\" href=\"http:\/\/discopolymer.com\/fr\/produits\/gargoles-linteaux\/prefabriques-en-beton-polymere-linteau-d1\/\" \/>\n<meta property=\"og:locale\" content=\"fr_FR\" \/>\n<meta property=\"og:type\" content=\"article\" \/>\n<meta property=\"og:title\" content=\"Pr\u00e9fabriqu\u00e9s en b\u00e9ton polym\u00e8re \u2013 Linteau D1 - Discopolymer\" \/>\n<meta property=\"og:url\" content=\"http:\/\/discopolymer.com\/fr\/produits\/gargoles-linteaux\/prefabriques-en-beton-polymere-linteau-d1\/\" \/>\n<meta property=\"og:site_name\" content=\"Discopolymer\" \/>\n<meta property=\"article:modified_time\" content=\"2021-12-22T09:35:01+00:00\" \/>\n<meta name=\"twitter:card\" content=\"summary_large_image\" \/>\n<meta name=\"twitter:label1\" content=\"Dur\u00e9e de lecture estim\u00e9e\" \/>\n\t<meta name=\"twitter:data1\" content=\"7 minutes\" \/>\n<script type=\"application\/ld+json\" class=\"yoast-schema-graph\">{\"@context\":\"https:\/\/schema.org\",\"@graph\":[{\"@type\":\"WebPage\",\"@id\":\"http:\/\/discopolymer.com\/fr\/produits\/gargoles-linteaux\/prefabriques-en-beton-polymere-linteau-d1\/\",\"url\":\"http:\/\/discopolymer.com\/fr\/produits\/gargoles-linteaux\/prefabriques-en-beton-polymere-linteau-d1\/\",\"name\":\"Pr\u00e9fabriqu\u00e9s en b\u00e9ton polym\u00e8re \u2013 Linteau D1 - Discopolymer\",\"isPartOf\":{\"@id\":\"http:\/\/discopolymer.com\/fr\/#website\"},\"datePublished\":\"2019-05-30T09:55:38+00:00\",\"dateModified\":\"2021-12-22T09:35:01+00:00\",\"breadcrumb\":{\"@id\":\"http:\/\/discopolymer.com\/fr\/produits\/gargoles-linteaux\/prefabriques-en-beton-polymere-linteau-d1\/#breadcrumb\"},\"inLanguage\":\"fr-FR\",\"potentialAction\":[{\"@type\":\"ReadAction\",\"target\":[\"http:\/\/discopolymer.com\/fr\/produits\/gargoles-linteaux\/prefabriques-en-beton-polymere-linteau-d1\/\"]}]},{\"@type\":\"BreadcrumbList\",\"@id\":\"http:\/\/discopolymer.com\/fr\/produits\/gargoles-linteaux\/prefabriques-en-beton-polymere-linteau-d1\/#breadcrumb\",\"itemListElement\":[{\"@type\":\"ListItem\",\"position\":1,\"name\":\"Portada\",\"item\":\"https:\/\/discopolymer.com\/fr\/\"},{\"@type\":\"ListItem\",\"position\":2,\"name\":\"Produits\",\"item\":\"https:\/\/discopolymer.com\/fr\/produits\/\"},{\"@type\":\"ListItem\",\"position\":3,\"name\":\"GARGOLES ET LINTEAUX\",\"item\":\"http:\/\/discopolymer.com\/fr\/produits\/gargoles-linteaux\/\"},{\"@type\":\"ListItem\",\"position\":4,\"name\":\"Pr\u00e9fabriqu\u00e9s en b\u00e9ton polym\u00e8re \u2013 Linteau D1\"}]},{\"@type\":\"WebSite\",\"@id\":\"http:\/\/discopolymer.com\/fr\/#website\",\"url\":\"http:\/\/discopolymer.com\/fr\/\",\"name\":\"Discopolymer\",\"description\":\"Prefabricados en Hormig\u00f3n Pol\u00edmero\",\"publisher\":{\"@id\":\"http:\/\/discopolymer.com\/fr\/#organization\"},\"potentialAction\":[{\"@type\":\"SearchAction\",\"target\":{\"@type\":\"EntryPoint\",\"urlTemplate\":\"http:\/\/discopolymer.com\/fr\/?s={search_term_string}\"},\"query-input\":{\"@type\":\"PropertyValueSpecification\",\"valueRequired\":true,\"valueName\":\"search_term_string\"}}],\"inLanguage\":\"fr-FR\"},{\"@type\":\"Organization\",\"@id\":\"http:\/\/discopolymer.com\/fr\/#organization\",\"name\":\"Discopolymer\",\"url\":\"http:\/\/discopolymer.com\/fr\/\",\"logo\":{\"@type\":\"ImageObject\",\"inLanguage\":\"fr-FR\",\"@id\":\"http:\/\/discopolymer.com\/fr\/#\/schema\/logo\/image\/\",\"url\":\"http:\/\/discopolymer.com\/wp-content\/uploads\/2019\/05\/disco-polymer-logo-movil.png\",\"contentUrl\":\"http:\/\/discopolymer.com\/wp-content\/uploads\/2019\/05\/disco-polymer-logo-movil.png\",\"width\":164,\"height\":66,\"caption\":\"Discopolymer\"},\"image\":{\"@id\":\"http:\/\/discopolymer.com\/fr\/#\/schema\/logo\/image\/\"}}]}<\/script>\n<!-- \/ Yoast SEO plugin. -->","yoast_head_json":{"title":"Pr\u00e9fabriqu\u00e9s en b\u00e9ton polym\u00e8re \u2013 Linteau D1 - Discopolymer","robots":{"index":"index","follow":"follow","max-snippet":"max-snippet:-1","max-image-preview":"max-image-preview:large","max-video-preview":"max-video-preview:-1"},"canonical":"http:\/\/discopolymer.com\/fr\/produits\/gargoles-linteaux\/prefabriques-en-beton-polymere-linteau-d1\/","og_locale":"fr_FR","og_type":"article","og_title":"Pr\u00e9fabriqu\u00e9s en b\u00e9ton polym\u00e8re \u2013 Linteau D1 - Discopolymer","og_url":"http:\/\/discopolymer.com\/fr\/produits\/gargoles-linteaux\/prefabriques-en-beton-polymere-linteau-d1\/","og_site_name":"Discopolymer","article_modified_time":"2021-12-22T09:35:01+00:00","twitter_card":"summary_large_image","twitter_misc":{"Dur\u00e9e de lecture estim\u00e9e":"7 minutes"},"schema":{"@context":"https:\/\/schema.org","@graph":[{"@type":"WebPage","@id":"http:\/\/discopolymer.com\/fr\/produits\/gargoles-linteaux\/prefabriques-en-beton-polymere-linteau-d1\/","url":"http:\/\/discopolymer.com\/fr\/produits\/gargoles-linteaux\/prefabriques-en-beton-polymere-linteau-d1\/","name":"Pr\u00e9fabriqu\u00e9s en b\u00e9ton polym\u00e8re \u2013 Linteau D1 - Discopolymer","isPartOf":{"@id":"http:\/\/discopolymer.com\/fr\/#website"},"datePublished":"2019-05-30T09:55:38+00:00","dateModified":"2021-12-22T09:35:01+00:00","breadcrumb":{"@id":"http:\/\/discopolymer.com\/fr\/produits\/gargoles-linteaux\/prefabriques-en-beton-polymere-linteau-d1\/#breadcrumb"},"inLanguage":"fr-FR","potentialAction":[{"@type":"ReadAction","target":["http:\/\/discopolymer.com\/fr\/produits\/gargoles-linteaux\/prefabriques-en-beton-polymere-linteau-d1\/"]}]},{"@type":"BreadcrumbList","@id":"http:\/\/discopolymer.com\/fr\/produits\/gargoles-linteaux\/prefabriques-en-beton-polymere-linteau-d1\/#breadcrumb","itemListElement":[{"@type":"ListItem","position":1,"name":"Portada","item":"https:\/\/discopolymer.com\/fr\/"},{"@type":"ListItem","position":2,"name":"Produits","item":"https:\/\/discopolymer.com\/fr\/produits\/"},{"@type":"ListItem","position":3,"name":"GARGOLES ET LINTEAUX","item":"http:\/\/discopolymer.com\/fr\/produits\/gargoles-linteaux\/"},{"@type":"ListItem","position":4,"name":"Pr\u00e9fabriqu\u00e9s en b\u00e9ton polym\u00e8re \u2013 Linteau D1"}]},{"@type":"WebSite","@id":"http:\/\/discopolymer.com\/fr\/#website","url":"http:\/\/discopolymer.com\/fr\/","name":"Discopolymer","description":"Prefabricados en Hormig\u00f3n Pol\u00edmero","publisher":{"@id":"http:\/\/discopolymer.com\/fr\/#organization"},"potentialAction":[{"@type":"SearchAction","target":{"@type":"EntryPoint","urlTemplate":"http:\/\/discopolymer.com\/fr\/?s={search_term_string}"},"query-input":{"@type":"PropertyValueSpecification","valueRequired":true,"valueName":"search_term_string"}}],"inLanguage":"fr-FR"},{"@type":"Organization","@id":"http:\/\/discopolymer.com\/fr\/#organization","name":"Discopolymer","url":"http:\/\/discopolymer.com\/fr\/","logo":{"@type":"ImageObject","inLanguage":"fr-FR","@id":"http:\/\/discopolymer.com\/fr\/#\/schema\/logo\/image\/","url":"http:\/\/discopolymer.com\/wp-content\/uploads\/2019\/05\/disco-polymer-logo-movil.png","contentUrl":"http:\/\/discopolymer.com\/wp-content\/uploads\/2019\/05\/disco-polymer-logo-movil.png","width":164,"height":66,"caption":"Discopolymer"},"image":{"@id":"http:\/\/discopolymer.com\/fr\/#\/schema\/logo\/image\/"}}]}},"_links":{"self":[{"href":"http:\/\/discopolymer.com\/fr\/wp-json\/wp\/v2\/pages\/1049","targetHints":{"allow":["GET"]}}],"collection":[{"href":"http:\/\/discopolymer.com\/fr\/wp-json\/wp\/v2\/pages"}],"about":[{"href":"http:\/\/discopolymer.com\/fr\/wp-json\/wp\/v2\/types\/page"}],"author":[{"embeddable":true,"href":"http:\/\/discopolymer.com\/fr\/wp-json\/wp\/v2\/users\/1"}],"replies":[{"embeddable":true,"href":"http:\/\/discopolymer.com\/fr\/wp-json\/wp\/v2\/comments?post=1049"}],"version-history":[{"count":0,"href":"http:\/\/discopolymer.com\/fr\/wp-json\/wp\/v2\/pages\/1049\/revisions"}],"up":[{"embeddable":true,"href":"http:\/\/discopolymer.com\/fr\/wp-json\/wp\/v2\/pages\/4582"}],"wp:attachment":[{"href":"http:\/\/discopolymer.com\/fr\/wp-json\/wp\/v2\/media?parent=1049"}],"curies":[{"name":"wp","href":"https:\/\/api.w.org\/{rel}","templated":true}]}}