{"id":1266,"date":"2020-07-10T10:14:34","date_gmt":"2020-07-10T08:14:34","guid":{"rendered":"http:\/\/discopolymer.com\/?page_id=1266"},"modified":"2020-07-10T10:14:34","modified_gmt":"2020-07-10T08:14:34","slug":"politique-de-cookies","status":"publish","type":"page","link":"http:\/\/discopolymer.com\/fr\/politique-de-cookies\/","title":{"rendered":"Politique de cookies"},"content":{"rendered":"<p>Un \u00ab\u00a0cookie\u00a0\u00bb est un petit fichier qui est stock\u00e9 sur l&rsquo;ordinateur de l&rsquo;utilisateur et nous permet de le reconna\u00eetre. L&rsquo;ensemble de \u00ab\u00a0cookies\u00a0\u00bb nous aide \u00e0 am\u00e9liorer la qualit\u00e9 de notre site Web, nous permettant de contr\u00f4ler les pages que nos utilisateurs trouvent utiles et celles qui ne le sont pas.<\/p>\n<p>Les cookies sont essentiels au fonctionnement d\u2019Internet et offrent d\u2019innombrables avantages pour la fourniture de services interactifs, facilitant ainsi la navigation et la convivialit\u00e9 de notre site Web. N&rsquo;oubliez pas que les cookies ne peuvent pas endommager votre ordinateur et que ceux activ\u00e9s nous aident \u00e0 identifier et \u00e0 r\u00e9soudre les erreurs.<\/p>\n<p>Les informations que nous fournissons ci-dessous vous aideront \u00e0 comprendre les diff\u00e9rents types de cookies:<\/p>\n<p>&nbsp;<\/p>\n<h2>Cookies de session<\/h2>\n<p>Ce sont des cookies temporaires qui restent dans le fichier cookie de votre navigateur jusqu&rsquo;\u00e0 ce que vous quittiez le site. Aucun d&rsquo;entre eux n&rsquo;est donc enregistr\u00e9 sur le disque dur de l&rsquo;utilisateur. Les informations obtenues gr\u00e2ce \u00e0 ces cookies servent \u00e0 analyser les tendances de trafic sur le Web. \u00c0 long terme, cela nous permet de fournir une meilleure exp\u00e9rience pour am\u00e9liorer le contenu et faciliter son utilisation.<\/p>\n<p>&nbsp;<\/p>\n<h2>Cookies permanents<\/h2>\n<p>Ils sont stock\u00e9s sur le disque dur et notre site Web les lit chaque fois que vous effectuez une nouvelle visite. Un cookie permanent a une date d&rsquo;expiration sp\u00e9cifique. Le cookie cessera de fonctionner apr\u00e8s cette date.<\/p>\n<p>Nous publions ci-dessous une liste des principaux cookies utilis\u00e9s sur notre site Web, en distinguant:<\/p>\n<p>&nbsp;<\/p>\n<p><strong>&#8211; Cookies strictement n\u00e9cessaires:\u00a0<\/strong>Comme par exemple, ceux qui servent pour une navigation correcte ou ceux qui permettent d&rsquo;effectuer des services demand\u00e9s par l&rsquo;utilisateur ou des cookies qui servent \u00e0 assurer que le contenu du site Web est charg\u00e9 efficacement.<\/p>\n<p>&nbsp;<\/p>\n<p><strong>&#8211; Cookies de tiers:\u00a0<\/strong>Par exemple, ceux utilis\u00e9s par les r\u00e9seaux sociaux ou des compl\u00e9ments de contenu externes.<\/p>\n<p>&nbsp;<\/p>\n<p><strong>&#8211; Cookies analytiques:\u00a0<\/strong>Pour des raisons de maintenance p\u00e9riodique et afin de garantir le meilleur service possible \u00e0 l&rsquo;utilisateur, les sites Web utilisent g\u00e9n\u00e9ralement des cookies \u00ab\u00a0analytiques\u00a0\u00bb pour collecter des donn\u00e9es statistiques sur l&rsquo;activit\u00e9.<\/p>\n<p>&nbsp;<\/p>\n<h2>Garanties suppl\u00e9mentaires &#8211; Gestion des cookies:<\/h2>\n<p>\u00c0 titre de garantie compl\u00e9mentaire \u00e0 ceux d\u00e9crits ci-dessus, l&rsquo;enregistrement de cookies peut \u00eatre soumis \u00e0 une acceptation lors de l&rsquo;installation ou de la mise \u00e0 jour du navigateur utilis\u00e9, et cette acceptation peut \u00e0 tout moment \u00eatre r\u00e9voqu\u00e9e au moyen des options de configuration du contenu et de la confidentialit\u00e9 disponibles. De nombreux navigateurs vous permettent d&rsquo;activer un mode priv\u00e9 par lequel les cookies sont toujours supprim\u00e9s apr\u00e8s votre visite. En fonction de chaque navigateur ce mode priv\u00e9, il peut avoir des noms diff\u00e9rents. Vous trouverez ci-dessous une liste des navigateurs les plus courants et les diff\u00e9rents noms de ce \u00ab\u00a0mode priv\u00e9\u00a0\u00bb:<\/p>\n<p>Internet Explorer 8 et sup\u00e9rieur; InPrivate Safari 2 y superior; Navigation priv\u00e9e Opera 10.5 et plus; Navigation priv\u00e9e FireFox 3.5 et plus; Navigation priv\u00e9e Google Chrome 10 et plus; incognito.<\/p>\n<p>&nbsp;<\/p>\n<p><strong>Important:<\/strong> Veuillez lire attentivement la section d&rsquo;aide de votre navigateur pour en savoir plus sur l&rsquo;activation du \u00ab\u00a0mode priv\u00e9\u00a0\u00bb. Vous pouvez continuer \u00e0 visiter notre site Web m\u00eame si votre navigateur est en \u00ab\u00a0mode priv\u00e9\u00a0\u00bb, bien que votre navigation sur notre site Web ne soit pas optimale et que certains utilitaires ne fonctionnent pas correctement.<\/p>\n","protected":false},"excerpt":{"rendered":"<p>Un \u00ab\u00a0cookie\u00a0\u00bb est un petit fichier qui est stock\u00e9 sur  [&#8230;]<\/p>\n","protected":false},"author":2,"featured_media":0,"parent":0,"menu_order":0,"comment_status":"closed","ping_status":"closed","template":"","meta":{"footnotes":""},"class_list":["post-1266","page","type-page","status-publish","hentry"],"yoast_head":"<!-- This site is optimized with the Yoast SEO plugin v27.2 - https:\/\/yoast.com\/product\/yoast-seo-wordpress\/ -->\n<title>Politique de cookies - Discopolymer<\/title>\n<meta name=\"robots\" content=\"noindex, follow\" \/>\n<meta property=\"og:locale\" content=\"fr_FR\" \/>\n<meta property=\"og:type\" content=\"article\" \/>\n<meta property=\"og:title\" content=\"Politique de cookies - Discopolymer\" \/>\n<meta property=\"og:description\" content=\"Un \u00ab\u00a0cookie\u00a0\u00bb est un petit fichier qui est stock\u00e9 sur [...]\" \/>\n<meta property=\"og:url\" content=\"http:\/\/discopolymer.com\/fr\/politique-de-cookies\/\" \/>\n<meta property=\"og:site_name\" content=\"Discopolymer\" \/>\n<meta name=\"twitter:card\" content=\"summary_large_image\" \/>\n<meta name=\"twitter:label1\" content=\"Dur\u00e9e de lecture estim\u00e9e\" \/>\n\t<meta name=\"twitter:data1\" content=\"3 minutes\" \/>\n<script type=\"application\/ld+json\" class=\"yoast-schema-graph\">{\"@context\":\"https:\/\/schema.org\",\"@graph\":[{\"@type\":\"WebPage\",\"@id\":\"http:\/\/discopolymer.com\/fr\/politique-de-cookies\/\",\"url\":\"http:\/\/discopolymer.com\/fr\/politique-de-cookies\/\",\"name\":\"Politique de cookies - Discopolymer\",\"isPartOf\":{\"@id\":\"http:\/\/discopolymer.com\/fr\/#website\"},\"datePublished\":\"2020-07-10T08:14:34+00:00\",\"breadcrumb\":{\"@id\":\"http:\/\/discopolymer.com\/fr\/politique-de-cookies\/#breadcrumb\"},\"inLanguage\":\"fr-FR\",\"potentialAction\":[{\"@type\":\"ReadAction\",\"target\":[\"http:\/\/discopolymer.com\/fr\/politique-de-cookies\/\"]}]},{\"@type\":\"BreadcrumbList\",\"@id\":\"http:\/\/discopolymer.com\/fr\/politique-de-cookies\/#breadcrumb\",\"itemListElement\":[{\"@type\":\"ListItem\",\"position\":1,\"name\":\"Portada\",\"item\":\"http:\/\/discopolymer.com\/fr\/\"},{\"@type\":\"ListItem\",\"position\":2,\"name\":\"Politique de cookies\"}]},{\"@type\":\"WebSite\",\"@id\":\"http:\/\/discopolymer.com\/fr\/#website\",\"url\":\"http:\/\/discopolymer.com\/fr\/\",\"name\":\"Discopolymer\",\"description\":\"Prefabricados en Hormig\u00f3n Pol\u00edmero\",\"publisher\":{\"@id\":\"http:\/\/discopolymer.com\/fr\/#organization\"},\"potentialAction\":[{\"@type\":\"SearchAction\",\"target\":{\"@type\":\"EntryPoint\",\"urlTemplate\":\"http:\/\/discopolymer.com\/fr\/?s={search_term_string}\"},\"query-input\":{\"@type\":\"PropertyValueSpecification\",\"valueRequired\":true,\"valueName\":\"search_term_string\"}}],\"inLanguage\":\"fr-FR\"},{\"@type\":\"Organization\",\"@id\":\"http:\/\/discopolymer.com\/fr\/#organization\",\"name\":\"Discopolymer\",\"url\":\"http:\/\/discopolymer.com\/fr\/\",\"logo\":{\"@type\":\"ImageObject\",\"inLanguage\":\"fr-FR\",\"@id\":\"http:\/\/discopolymer.com\/fr\/#\/schema\/logo\/image\/\",\"url\":\"http:\/\/discopolymer.com\/wp-content\/uploads\/2019\/05\/disco-polymer-logo-movil.png\",\"contentUrl\":\"http:\/\/discopolymer.com\/wp-content\/uploads\/2019\/05\/disco-polymer-logo-movil.png\",\"width\":164,\"height\":66,\"caption\":\"Discopolymer\"},\"image\":{\"@id\":\"http:\/\/discopolymer.com\/fr\/#\/schema\/logo\/image\/\"}}]}<\/script>\n<!-- \/ Yoast SEO plugin. -->","yoast_head_json":{"title":"Politique de cookies - Discopolymer","robots":{"index":"noindex","follow":"follow"},"og_locale":"fr_FR","og_type":"article","og_title":"Politique de cookies - Discopolymer","og_description":"Un \u00ab\u00a0cookie\u00a0\u00bb est un petit fichier qui est stock\u00e9 sur [...]","og_url":"http:\/\/discopolymer.com\/fr\/politique-de-cookies\/","og_site_name":"Discopolymer","twitter_card":"summary_large_image","twitter_misc":{"Dur\u00e9e de lecture estim\u00e9e":"3 minutes"},"schema":{"@context":"https:\/\/schema.org","@graph":[{"@type":"WebPage","@id":"http:\/\/discopolymer.com\/fr\/politique-de-cookies\/","url":"http:\/\/discopolymer.com\/fr\/politique-de-cookies\/","name":"Politique de cookies - Discopolymer","isPartOf":{"@id":"http:\/\/discopolymer.com\/fr\/#website"},"datePublished":"2020-07-10T08:14:34+00:00","breadcrumb":{"@id":"http:\/\/discopolymer.com\/fr\/politique-de-cookies\/#breadcrumb"},"inLanguage":"fr-FR","potentialAction":[{"@type":"ReadAction","target":["http:\/\/discopolymer.com\/fr\/politique-de-cookies\/"]}]},{"@type":"BreadcrumbList","@id":"http:\/\/discopolymer.com\/fr\/politique-de-cookies\/#breadcrumb","itemListElement":[{"@type":"ListItem","position":1,"name":"Portada","item":"http:\/\/discopolymer.com\/fr\/"},{"@type":"ListItem","position":2,"name":"Politique de cookies"}]},{"@type":"WebSite","@id":"http:\/\/discopolymer.com\/fr\/#website","url":"http:\/\/discopolymer.com\/fr\/","name":"Discopolymer","description":"Prefabricados en Hormig\u00f3n Pol\u00edmero","publisher":{"@id":"http:\/\/discopolymer.com\/fr\/#organization"},"potentialAction":[{"@type":"SearchAction","target":{"@type":"EntryPoint","urlTemplate":"http:\/\/discopolymer.com\/fr\/?s={search_term_string}"},"query-input":{"@type":"PropertyValueSpecification","valueRequired":true,"valueName":"search_term_string"}}],"inLanguage":"fr-FR"},{"@type":"Organization","@id":"http:\/\/discopolymer.com\/fr\/#organization","name":"Discopolymer","url":"http:\/\/discopolymer.com\/fr\/","logo":{"@type":"ImageObject","inLanguage":"fr-FR","@id":"http:\/\/discopolymer.com\/fr\/#\/schema\/logo\/image\/","url":"http:\/\/discopolymer.com\/wp-content\/uploads\/2019\/05\/disco-polymer-logo-movil.png","contentUrl":"http:\/\/discopolymer.com\/wp-content\/uploads\/2019\/05\/disco-polymer-logo-movil.png","width":164,"height":66,"caption":"Discopolymer"},"image":{"@id":"http:\/\/discopolymer.com\/fr\/#\/schema\/logo\/image\/"}}]}},"_links":{"self":[{"href":"http:\/\/discopolymer.com\/fr\/wp-json\/wp\/v2\/pages\/1266","targetHints":{"allow":["GET"]}}],"collection":[{"href":"http:\/\/discopolymer.com\/fr\/wp-json\/wp\/v2\/pages"}],"about":[{"href":"http:\/\/discopolymer.com\/fr\/wp-json\/wp\/v2\/types\/page"}],"author":[{"embeddable":true,"href":"http:\/\/discopolymer.com\/fr\/wp-json\/wp\/v2\/users\/2"}],"replies":[{"embeddable":true,"href":"http:\/\/discopolymer.com\/fr\/wp-json\/wp\/v2\/comments?post=1266"}],"version-history":[{"count":0,"href":"http:\/\/discopolymer.com\/fr\/wp-json\/wp\/v2\/pages\/1266\/revisions"}],"wp:attachment":[{"href":"http:\/\/discopolymer.com\/fr\/wp-json\/wp\/v2\/media?parent=1266"}],"curies":[{"name":"wp","href":"https:\/\/api.w.org\/{rel}","templated":true}]}}