{"id":1027,"date":"2019-05-30T12:18:06","date_gmt":"2019-05-30T10:18:06","guid":{"rendered":"http:\/\/discopolymer.com\/references\/industria\/"},"modified":"2020-12-21T14:28:08","modified_gmt":"2020-12-21T13:28:08","slug":"batiment-industriel","status":"publish","type":"page","link":"https:\/\/discopolymer.com\/fr\/references\/batiment-industriel\/","title":{"rendered":"B\u00e2timent industriel"},"content":{"rendered":"<p><div class=\"fusion-fullwidth fullwidth-box fusion-builder-row-1 nonhundred-percent-fullwidth non-hundred-percent-height-scrolling\" style=\"--awb-border-radius-top-left:0px;--awb-border-radius-top-right:0px;--awb-border-radius-bottom-right:0px;--awb-border-radius-bottom-left:0px;--awb-flex-wrap:wrap;\" ><div class=\"fusion-builder-row fusion-row\"><div class=\"fusion-layout-column fusion_builder_column fusion-builder-column-0 fusion_builder_column_1_1 1_1 fusion-one-full fusion-column-first fusion-column-last\" style=\"--awb-bg-size:cover;\"><div class=\"fusion-column-wrapper fusion-column-has-shadow fusion-flex-column-wrapper-legacy\"><div class=\"fusion-text fusion-text-1\"><h2><span style=\"color: #e64f28;\"><strong>B\u00c2TIMENT INDUSTRIEL<\/strong><\/span><\/h2>\n<\/div><div class=\"fusion-clearfix\"><\/div><\/div><\/div><\/div><\/div><div class=\"fusion-fullwidth fullwidth-box fusion-builder-row-2 nonhundred-percent-fullwidth non-hundred-percent-height-scrolling\" style=\"--awb-border-radius-top-left:0px;--awb-border-radius-top-right:0px;--awb-border-radius-bottom-right:0px;--awb-border-radius-bottom-left:0px;--awb-flex-wrap:wrap;\" ><div class=\"fusion-builder-row fusion-row\"><div class=\"fusion-layout-column fusion_builder_column fusion-builder-column-1 fusion_builder_column_1_3 1_3 fusion-one-third fusion-column-first\" style=\"--awb-padding-bottom:40px;--awb-bg-size:cover;--awb-margin-bottom:0px;width:33.333333333333%;width:calc(33.333333333333% - ( ( 1% + 1% ) * 0.33333333333333 ) );margin-right: 1%;\"><div class=\"fusion-column-wrapper fusion-column-has-shadow fusion-flex-column-wrapper-legacy\"><div class=\"fusion-image-element in-legacy-container\" style=\"--awb-margin-bottom:10px;--awb-caption-title-font-family:var(--h2_typography-font-family);--awb-caption-title-font-weight:var(--h2_typography-font-weight);--awb-caption-title-font-style:var(--h2_typography-font-style);--awb-caption-title-size:var(--h2_typography-font-size);--awb-caption-title-transform:var(--h2_typography-text-transform);--awb-caption-title-line-height:var(--h2_typography-line-height);--awb-caption-title-letter-spacing:var(--h2_typography-letter-spacing);\"><span class=\" fusion-imageframe imageframe-none imageframe-1 hover-type-none\"><img decoding=\"async\" width=\"1200\" height=\"675\" title=\"LEROY\" src=\"http:\/\/discopolymer.com\/wp-content\/uploads\/2020\/12\/LEROY.jpg\" alt class=\"img-responsive wp-image-1902\" srcset=\"https:\/\/discopolymer.com\/wp-content\/uploads\/2020\/12\/LEROY-200x113.jpg 200w, https:\/\/discopolymer.com\/wp-content\/uploads\/2020\/12\/LEROY-400x225.jpg 400w, https:\/\/discopolymer.com\/wp-content\/uploads\/2020\/12\/LEROY-600x338.jpg 600w, https:\/\/discopolymer.com\/wp-content\/uploads\/2020\/12\/LEROY-800x450.jpg 800w, https:\/\/discopolymer.com\/wp-content\/uploads\/2020\/12\/LEROY.jpg 1200w\" sizes=\"(max-width: 800px) 100vw, 400px\" \/><\/span><\/div><div class=\"fusion-text fusion-text-2\" style=\"--awb-content-alignment:left;--awb-text-font-family:&quot;HELVETICA&quot;;--awb-text-font-style:normal;--awb-text-font-weight:400;\"><div class=\"page\" title=\"Page 7\">\n<div class=\"layoutArea\">\n<div class=\"column\">\n<h6 class=\"fusion-responsive-typography-calculated\" style=\"--fontsize: 23; line-height: 1.5;\" data-fontsize=\"23\" data-lineheight=\"34.5px\">Magasin Leroy Merlin<\/h6>\n<p>Emplacement: Sabadell, Espa\u00f1a<br \/>\nAnn\u00e9e de construction: 2019<br \/>\nSocle &#8211; fourniture<\/p>\n<\/div>\n<\/div>\n<\/div>\n<\/div><div class=\"fusion-clearfix\"><\/div><\/div><\/div><div class=\"fusion-layout-column fusion_builder_column fusion-builder-column-2 fusion_builder_column_1_3 1_3 fusion-one-third\" style=\"--awb-padding-bottom:40px;--awb-bg-size:cover;--awb-margin-bottom:0px;width:33.333333333333%;width:calc(33.333333333333% - ( ( 1% + 1% ) * 0.33333333333333 ) );margin-right: 1%;\"><div class=\"fusion-column-wrapper fusion-column-has-shadow fusion-flex-column-wrapper-legacy\"><div class=\"fusion-image-element in-legacy-container\" style=\"--awb-margin-bottom:10px;--awb-caption-title-font-family:var(--h2_typography-font-family);--awb-caption-title-font-weight:var(--h2_typography-font-weight);--awb-caption-title-font-style:var(--h2_typography-font-style);--awb-caption-title-size:var(--h2_typography-font-size);--awb-caption-title-transform:var(--h2_typography-text-transform);--awb-caption-title-line-height:var(--h2_typography-line-height);--awb-caption-title-letter-spacing:var(--h2_typography-letter-spacing);\"><span class=\" fusion-imageframe imageframe-none imageframe-2 hover-type-none\"><img decoding=\"async\" width=\"1200\" height=\"675\" title=\"Mango magatzem\" src=\"http:\/\/discopolymer.com\/wp-content\/uploads\/2020\/12\/Mango-magatzem.jpg\" alt class=\"img-responsive wp-image-1900\" srcset=\"https:\/\/discopolymer.com\/wp-content\/uploads\/2020\/12\/Mango-magatzem-200x113.jpg 200w, https:\/\/discopolymer.com\/wp-content\/uploads\/2020\/12\/Mango-magatzem-400x225.jpg 400w, https:\/\/discopolymer.com\/wp-content\/uploads\/2020\/12\/Mango-magatzem-600x338.jpg 600w, https:\/\/discopolymer.com\/wp-content\/uploads\/2020\/12\/Mango-magatzem-800x450.jpg 800w, https:\/\/discopolymer.com\/wp-content\/uploads\/2020\/12\/Mango-magatzem.jpg 1200w\" sizes=\"(max-width: 800px) 100vw, 400px\" \/><\/span><\/div><div class=\"fusion-text fusion-text-3\" style=\"--awb-content-alignment:left;--awb-text-font-family:&quot;HELVETICA&quot;;--awb-text-font-style:normal;--awb-text-font-weight:400;\"><div class=\"page\" title=\"Page 7\">\n<div class=\"layoutArea\">\n<div class=\"column\">\n<h6>Entrep\u00f4t Mango<\/h6>\n<p>Emplacement: Lli\u00e7\u00e0 d&rsquo;Amunt, Espa\u00f1a<br \/>\nAnn\u00e9e de construction: 2016<br \/>\nSocle &#8211; fourniture et placement<\/p>\n<\/div>\n<\/div>\n<\/div>\n<\/div><div class=\"fusion-clearfix\"><\/div><\/div><\/div><div class=\"fusion-layout-column fusion_builder_column fusion-builder-column-3 fusion_builder_column_1_3 1_3 fusion-one-third fusion-column-last\" style=\"--awb-padding-bottom:40px;--awb-bg-size:cover;--awb-margin-bottom:0px;width:33.333333333333%;width:calc(33.333333333333% - ( ( 1% + 1% ) * 0.33333333333333 ) );\"><div class=\"fusion-column-wrapper fusion-column-has-shadow fusion-flex-column-wrapper-legacy\"><div class=\"fusion-image-element in-legacy-container\" style=\"--awb-margin-bottom:10px;--awb-caption-title-font-family:var(--h2_typography-font-family);--awb-caption-title-font-weight:var(--h2_typography-font-weight);--awb-caption-title-font-style:var(--h2_typography-font-style);--awb-caption-title-size:var(--h2_typography-font-size);--awb-caption-title-transform:var(--h2_typography-text-transform);--awb-caption-title-line-height:var(--h2_typography-line-height);--awb-caption-title-letter-spacing:var(--h2_typography-letter-spacing);\"><span class=\" fusion-imageframe imageframe-none imageframe-3 hover-type-none\"><img decoding=\"async\" width=\"1200\" height=\"675\" title=\"La Catalana\" src=\"http:\/\/discopolymer.com\/wp-content\/uploads\/2020\/12\/La-Catalana.jpg\" alt class=\"img-responsive wp-image-1896\" srcset=\"https:\/\/discopolymer.com\/wp-content\/uploads\/2020\/12\/La-Catalana-200x113.jpg 200w, https:\/\/discopolymer.com\/wp-content\/uploads\/2020\/12\/La-Catalana-400x225.jpg 400w, https:\/\/discopolymer.com\/wp-content\/uploads\/2020\/12\/La-Catalana-600x338.jpg 600w, https:\/\/discopolymer.com\/wp-content\/uploads\/2020\/12\/La-Catalana-800x450.jpg 800w, https:\/\/discopolymer.com\/wp-content\/uploads\/2020\/12\/La-Catalana.jpg 1200w\" sizes=\"(max-width: 800px) 100vw, 400px\" \/><\/span><\/div><div class=\"fusion-text fusion-text-4\" style=\"--awb-content-alignment:left;--awb-text-font-family:&quot;HELVETICA&quot;;--awb-text-font-style:normal;--awb-text-font-weight:400;\"><div class=\"page\" title=\"Page 7\">\n<div class=\"layoutArea\">\n<div class=\"column\">\n<h6>La Catalana (Fondation Endesa)<\/h6>\n<p>Emplacement: Manresa, Espa\u00f1a<br \/>\nAnn\u00e9e de construction: 2014<br \/>\nSocle<\/p>\n<\/div>\n<\/div>\n<\/div>\n<\/div><div class=\"fusion-clearfix\"><\/div><\/div><\/div><div class=\"fusion-layout-column fusion_builder_column fusion-builder-column-4 fusion_builder_column_1_3 1_3 fusion-one-third fusion-column-first\" style=\"--awb-padding-bottom:40px;--awb-bg-size:cover;--awb-margin-bottom:0px;width:33.333333333333%;width:calc(33.333333333333% - ( ( 1% ) * 0.33333333333333 ) );margin-right: 1%;\"><div class=\"fusion-column-wrapper fusion-column-has-shadow fusion-flex-column-wrapper-legacy\"><div class=\"fusion-image-element in-legacy-container\" style=\"--awb-margin-bottom:10px;--awb-caption-title-font-family:var(--h2_typography-font-family);--awb-caption-title-font-weight:var(--h2_typography-font-weight);--awb-caption-title-font-style:var(--h2_typography-font-style);--awb-caption-title-size:var(--h2_typography-font-size);--awb-caption-title-transform:var(--h2_typography-text-transform);--awb-caption-title-line-height:var(--h2_typography-line-height);--awb-caption-title-letter-spacing:var(--h2_typography-letter-spacing);\"><span class=\" fusion-imageframe imageframe-none imageframe-4 hover-type-none\"><img decoding=\"async\" width=\"1400\" height=\"788\" title=\"231-2\" src=\"http:\/\/discopolymer.com\/wp-content\/uploads\/2020\/12\/231-2.jpg\" alt class=\"img-responsive wp-image-1898\" srcset=\"https:\/\/discopolymer.com\/wp-content\/uploads\/2020\/12\/231-2-200x113.jpg 200w, https:\/\/discopolymer.com\/wp-content\/uploads\/2020\/12\/231-2-400x225.jpg 400w, https:\/\/discopolymer.com\/wp-content\/uploads\/2020\/12\/231-2-600x338.jpg 600w, https:\/\/discopolymer.com\/wp-content\/uploads\/2020\/12\/231-2-800x450.jpg 800w, https:\/\/discopolymer.com\/wp-content\/uploads\/2020\/12\/231-2-1200x675.jpg 1200w, https:\/\/discopolymer.com\/wp-content\/uploads\/2020\/12\/231-2.jpg 1400w\" sizes=\"(max-width: 800px) 100vw, 400px\" \/><\/span><\/div><div class=\"fusion-text fusion-text-5\" style=\"--awb-content-alignment:left;--awb-text-font-family:&quot;HELVETICA&quot;;--awb-text-font-style:normal;--awb-text-font-weight:400;\"><div class=\"page\" title=\"Page 7\">\n<div class=\"layoutArea\">\n<div class=\"column\">\n<h6 class=\"fusion-responsive-typography-calculated\" style=\"--fontsize: 23; line-height: 1.5;\" data-fontsize=\"23\" data-lineheight=\"34.5px\">Centro Tecnol\u00f3gico de Manresa<\/h6>\n<p>Emplacement: Manresa, Espa\u00f1a<br \/>\nAnn\u00e9e de construction: 2012<br \/>\nSocle<\/p>\n<\/div>\n<\/div>\n<\/div>\n<\/div><div class=\"fusion-clearfix\"><\/div><\/div><\/div><\/div><\/div><\/p>\n","protected":false},"excerpt":{"rendered":"","protected":false},"author":1,"featured_media":0,"parent":994,"menu_order":0,"comment_status":"closed","ping_status":"closed","template":"","meta":{"footnotes":""},"class_list":["post-1027","page","type-page","status-publish","hentry"],"yoast_head":"<!-- This site is optimized with the Yoast SEO plugin v27.2 - https:\/\/yoast.com\/product\/yoast-seo-wordpress\/ -->\n<title>B\u00e2timent industriel - Discopolymer<\/title>\n<meta name=\"robots\" content=\"index, follow, max-snippet:-1, max-image-preview:large, max-video-preview:-1\" \/>\n<link rel=\"canonical\" href=\"https:\/\/discopolymer.com\/fr\/references\/batiment-industriel\/\" \/>\n<meta property=\"og:locale\" content=\"fr_FR\" \/>\n<meta property=\"og:type\" content=\"article\" \/>\n<meta property=\"og:title\" content=\"B\u00e2timent industriel - Discopolymer\" \/>\n<meta property=\"og:url\" content=\"https:\/\/discopolymer.com\/fr\/references\/batiment-industriel\/\" \/>\n<meta property=\"og:site_name\" content=\"Discopolymer\" \/>\n<meta property=\"article:modified_time\" content=\"2020-12-21T13:28:08+00:00\" \/>\n<meta name=\"twitter:card\" content=\"summary_large_image\" \/>\n<meta name=\"twitter:label1\" content=\"Dur\u00e9e de lecture estim\u00e9e\" \/>\n\t<meta name=\"twitter:data1\" content=\"11 minutes\" \/>\n<script type=\"application\/ld+json\" class=\"yoast-schema-graph\">{\"@context\":\"https:\/\/schema.org\",\"@graph\":[{\"@type\":\"WebPage\",\"@id\":\"https:\/\/discopolymer.com\/fr\/references\/batiment-industriel\/\",\"url\":\"https:\/\/discopolymer.com\/fr\/references\/batiment-industriel\/\",\"name\":\"B\u00e2timent industriel - Discopolymer\",\"isPartOf\":{\"@id\":\"http:\/\/discopolymer.com\/fr\/#website\"},\"datePublished\":\"2019-05-30T10:18:06+00:00\",\"dateModified\":\"2020-12-21T13:28:08+00:00\",\"breadcrumb\":{\"@id\":\"https:\/\/discopolymer.com\/fr\/references\/batiment-industriel\/#breadcrumb\"},\"inLanguage\":\"fr-FR\",\"potentialAction\":[{\"@type\":\"ReadAction\",\"target\":[\"https:\/\/discopolymer.com\/fr\/references\/batiment-industriel\/\"]}]},{\"@type\":\"BreadcrumbList\",\"@id\":\"https:\/\/discopolymer.com\/fr\/references\/batiment-industriel\/#breadcrumb\",\"itemListElement\":[{\"@type\":\"ListItem\",\"position\":1,\"name\":\"Portada\",\"item\":\"http:\/\/discopolymer.com\/fr\/\"},{\"@type\":\"ListItem\",\"position\":2,\"name\":\"R\u00e9f\u00e9rences\",\"item\":\"https:\/\/discopolymer.com\/fr\/references\/\"},{\"@type\":\"ListItem\",\"position\":3,\"name\":\"B\u00e2timent industriel\"}]},{\"@type\":\"WebSite\",\"@id\":\"http:\/\/discopolymer.com\/fr\/#website\",\"url\":\"http:\/\/discopolymer.com\/fr\/\",\"name\":\"Discopolymer\",\"description\":\"Prefabricados en Hormig\u00f3n Pol\u00edmero\",\"publisher\":{\"@id\":\"http:\/\/discopolymer.com\/fr\/#organization\"},\"potentialAction\":[{\"@type\":\"SearchAction\",\"target\":{\"@type\":\"EntryPoint\",\"urlTemplate\":\"http:\/\/discopolymer.com\/fr\/?s={search_term_string}\"},\"query-input\":{\"@type\":\"PropertyValueSpecification\",\"valueRequired\":true,\"valueName\":\"search_term_string\"}}],\"inLanguage\":\"fr-FR\"},{\"@type\":\"Organization\",\"@id\":\"http:\/\/discopolymer.com\/fr\/#organization\",\"name\":\"Discopolymer\",\"url\":\"http:\/\/discopolymer.com\/fr\/\",\"logo\":{\"@type\":\"ImageObject\",\"inLanguage\":\"fr-FR\",\"@id\":\"http:\/\/discopolymer.com\/fr\/#\/schema\/logo\/image\/\",\"url\":\"http:\/\/discopolymer.com\/wp-content\/uploads\/2019\/05\/disco-polymer-logo-movil.png\",\"contentUrl\":\"http:\/\/discopolymer.com\/wp-content\/uploads\/2019\/05\/disco-polymer-logo-movil.png\",\"width\":164,\"height\":66,\"caption\":\"Discopolymer\"},\"image\":{\"@id\":\"http:\/\/discopolymer.com\/fr\/#\/schema\/logo\/image\/\"}}]}<\/script>\n<!-- \/ Yoast SEO plugin. -->","yoast_head_json":{"title":"B\u00e2timent industriel - Discopolymer","robots":{"index":"index","follow":"follow","max-snippet":"max-snippet:-1","max-image-preview":"max-image-preview:large","max-video-preview":"max-video-preview:-1"},"canonical":"https:\/\/discopolymer.com\/fr\/references\/batiment-industriel\/","og_locale":"fr_FR","og_type":"article","og_title":"B\u00e2timent industriel - Discopolymer","og_url":"https:\/\/discopolymer.com\/fr\/references\/batiment-industriel\/","og_site_name":"Discopolymer","article_modified_time":"2020-12-21T13:28:08+00:00","twitter_card":"summary_large_image","twitter_misc":{"Dur\u00e9e de lecture estim\u00e9e":"11 minutes"},"schema":{"@context":"https:\/\/schema.org","@graph":[{"@type":"WebPage","@id":"https:\/\/discopolymer.com\/fr\/references\/batiment-industriel\/","url":"https:\/\/discopolymer.com\/fr\/references\/batiment-industriel\/","name":"B\u00e2timent industriel - Discopolymer","isPartOf":{"@id":"http:\/\/discopolymer.com\/fr\/#website"},"datePublished":"2019-05-30T10:18:06+00:00","dateModified":"2020-12-21T13:28:08+00:00","breadcrumb":{"@id":"https:\/\/discopolymer.com\/fr\/references\/batiment-industriel\/#breadcrumb"},"inLanguage":"fr-FR","potentialAction":[{"@type":"ReadAction","target":["https:\/\/discopolymer.com\/fr\/references\/batiment-industriel\/"]}]},{"@type":"BreadcrumbList","@id":"https:\/\/discopolymer.com\/fr\/references\/batiment-industriel\/#breadcrumb","itemListElement":[{"@type":"ListItem","position":1,"name":"Portada","item":"http:\/\/discopolymer.com\/fr\/"},{"@type":"ListItem","position":2,"name":"R\u00e9f\u00e9rences","item":"https:\/\/discopolymer.com\/fr\/references\/"},{"@type":"ListItem","position":3,"name":"B\u00e2timent industriel"}]},{"@type":"WebSite","@id":"http:\/\/discopolymer.com\/fr\/#website","url":"http:\/\/discopolymer.com\/fr\/","name":"Discopolymer","description":"Prefabricados en Hormig\u00f3n Pol\u00edmero","publisher":{"@id":"http:\/\/discopolymer.com\/fr\/#organization"},"potentialAction":[{"@type":"SearchAction","target":{"@type":"EntryPoint","urlTemplate":"http:\/\/discopolymer.com\/fr\/?s={search_term_string}"},"query-input":{"@type":"PropertyValueSpecification","valueRequired":true,"valueName":"search_term_string"}}],"inLanguage":"fr-FR"},{"@type":"Organization","@id":"http:\/\/discopolymer.com\/fr\/#organization","name":"Discopolymer","url":"http:\/\/discopolymer.com\/fr\/","logo":{"@type":"ImageObject","inLanguage":"fr-FR","@id":"http:\/\/discopolymer.com\/fr\/#\/schema\/logo\/image\/","url":"http:\/\/discopolymer.com\/wp-content\/uploads\/2019\/05\/disco-polymer-logo-movil.png","contentUrl":"http:\/\/discopolymer.com\/wp-content\/uploads\/2019\/05\/disco-polymer-logo-movil.png","width":164,"height":66,"caption":"Discopolymer"},"image":{"@id":"http:\/\/discopolymer.com\/fr\/#\/schema\/logo\/image\/"}}]}},"_links":{"self":[{"href":"https:\/\/discopolymer.com\/fr\/wp-json\/wp\/v2\/pages\/1027","targetHints":{"allow":["GET"]}}],"collection":[{"href":"https:\/\/discopolymer.com\/fr\/wp-json\/wp\/v2\/pages"}],"about":[{"href":"https:\/\/discopolymer.com\/fr\/wp-json\/wp\/v2\/types\/page"}],"author":[{"embeddable":true,"href":"https:\/\/discopolymer.com\/fr\/wp-json\/wp\/v2\/users\/1"}],"replies":[{"embeddable":true,"href":"https:\/\/discopolymer.com\/fr\/wp-json\/wp\/v2\/comments?post=1027"}],"version-history":[{"count":0,"href":"https:\/\/discopolymer.com\/fr\/wp-json\/wp\/v2\/pages\/1027\/revisions"}],"up":[{"embeddable":true,"href":"https:\/\/discopolymer.com\/fr\/wp-json\/wp\/v2\/pages\/994"}],"wp:attachment":[{"href":"https:\/\/discopolymer.com\/fr\/wp-json\/wp\/v2\/media?parent=1027"}],"curies":[{"name":"wp","href":"https:\/\/api.w.org\/{rel}","templated":true}]}}